{"id":94,"date":"2016-02-12T19:06:15","date_gmt":"2016-02-12T19:06:15","guid":{"rendered":"http:\/\/freundeskreis-serlo.org\/?page_id=94"},"modified":"2022-01-13T12:57:52","modified_gmt":"2022-01-13T12:57:52","slug":"leben-und-arbeiten","status":"publish","type":"page","link":"https:\/\/freundeskreis-serlo.org\/?page_id=94","title":{"rendered":"Leben und Arbeiten"},"content":{"rendered":"<p>Das Leben im Kloster Serlo ist gepr\u00e4gt von einem spirituellen Rhythmus, <a href=\"https:\/\/freundeskreis-serlo.org\/?page_id=115\">gemeinschaftlichen Ritualen<\/a> und einer herzlichen Offenheit gegen\u00fcber Besuchern und G\u00e4sten.<\/p>\n<p>Das Kloster ist eine Lebens- und Arbeitsgemeinschaft. Eine wichtige Rolle f\u00fcr die Selbstversorgung spielt die Tierhaltung. Im Kloster leben daher auch K\u00fche und H\u00fchner. Sie sichern die Versorgung, auch wenn, wie nach dem Erdbeben oder in den Zeiten des Monsun der beschwerliche Weg in das rund 300 km oder vier Tagesm\u00e4rsche entfernte Kathmandu unterbrochen ist.<\/p>\n\n\t\t<style type=\"text\/css\">\n\t\t\t#gallery-1 {\n\t\t\t\tmargin: auto;\n\t\t\t}\n\t\t\t#gallery-1 .gallery-item {\n\t\t\t\tfloat: left;\n\t\t\t\tmargin-top: 10px;\n\t\t\t\ttext-align: center;\n\t\t\t\twidth: 33%;\n\t\t\t}\n\t\t\t#gallery-1 img {\n\t\t\t\tborder: 2px solid #cfcfcf;\n\t\t\t}\n\t\t\t#gallery-1 .gallery-caption {\n\t\t\t\tmargin-left: 0;\n\t\t\t}\n\t\t\t\/* see gallery_shortcode() in wp-includes\/media.php *\/\n\t\t<\/style>\n\t\t<div id='gallery-1' class='gallery galleryid-94 gallery-columns-3 gallery-size-medium'><dl class='gallery-item'>\n\t\t\t<dt class='gallery-icon landscape'>\n\t\t\t\t<a href='https:\/\/freundeskreis-serlo.org\/?attachment_id=245'><img loading=\"lazy\" decoding=\"async\" width=\"300\" height=\"225\" src=\"https:\/\/freundeskreis-serlo.org\/wp-content\/uploads\/2016\/09\/Waesche-300x225.jpg\" class=\"attachment-medium size-medium\" alt=\"\" srcset=\"https:\/\/freundeskreis-serlo.org\/wp-content\/uploads\/2016\/09\/Waesche-300x225.jpg 300w, https:\/\/freundeskreis-serlo.org\/wp-content\/uploads\/2016\/09\/Waesche-768x576.jpg 768w, https:\/\/freundeskreis-serlo.org\/wp-content\/uploads\/2016\/09\/Waesche-1024x768.jpg 1024w, https:\/\/freundeskreis-serlo.org\/wp-content\/uploads\/2016\/09\/Waesche.jpg 1280w\" sizes=\"auto, (max-width: 300px) 100vw, 300px\" \/><\/a>\n\t\t\t<\/dt><\/dl><dl class='gallery-item'>\n\t\t\t<dt class='gallery-icon landscape'>\n\t\t\t\t<a href='https:\/\/freundeskreis-serlo.org\/?attachment_id=27'><img loading=\"lazy\" decoding=\"async\" width=\"300\" height=\"215\" src=\"https:\/\/freundeskreis-serlo.org\/wp-content\/uploads\/2016\/02\/titel-300x215.jpg\" class=\"attachment-medium size-medium\" alt=\"\" srcset=\"https:\/\/freundeskreis-serlo.org\/wp-content\/uploads\/2016\/02\/titel-300x215.jpg 300w, https:\/\/freundeskreis-serlo.org\/wp-content\/uploads\/2016\/02\/titel.jpg 564w\" sizes=\"auto, (max-width: 300px) 100vw, 300px\" \/><\/a>\n\t\t\t<\/dt><\/dl><dl class='gallery-item'>\n\t\t\t<dt class='gallery-icon landscape'>\n\t\t\t\t<a href='https:\/\/freundeskreis-serlo.org\/?attachment_id=20'><img loading=\"lazy\" decoding=\"async\" width=\"300\" height=\"225\" src=\"https:\/\/freundeskreis-serlo.org\/wp-content\/uploads\/2016\/02\/Foto_Juli-300x225.jpg\" class=\"attachment-medium size-medium\" alt=\"\" srcset=\"https:\/\/freundeskreis-serlo.org\/wp-content\/uploads\/2016\/02\/Foto_Juli-300x225.jpg 300w, https:\/\/freundeskreis-serlo.org\/wp-content\/uploads\/2016\/02\/Foto_Juli.jpg 564w\" sizes=\"auto, (max-width: 300px) 100vw, 300px\" \/><\/a>\n\t\t\t<\/dt><\/dl><br style=\"clear: both\" \/>\n\t\t<\/div>\n\n<p>In der Gemeinschaft des Klosters hat jeder seine Rolle und Aufgabe, wechselweise im Haushalt, in der Landwirtschaft oder im Klosterbetrieb. Die Erfahrenen leiten die J\u00fcngeren an, Wissen wird geteilt und alle lernen von- und miteinander. In der K\u00fcche werden t\u00e4glich die Mahlzeiten f\u00fcr die M\u00f6nche und Novizen zubereitet.<\/p>\n<p><a href=\"https:\/\/freundeskreis-serlo.org\/?page_id=97\">Erleben Sie einen Tag im Kloster Serlo.<\/a><\/p>\n","protected":false},"excerpt":{"rendered":"<p>Das Leben im Kloster Serlo ist gepr\u00e4gt von einem spirituellen Rhythmus, gemeinschaftlichen Ritualen und einer herzlichen Offenheit gegen\u00fcber Besuchern und G\u00e4sten. Das Kloster ist eine Lebens- und Arbeitsgemeinschaft. Eine wichtige Rolle f\u00fcr die Selbstversorgung spielt die<a class=\"moretag\" href=\"https:\/\/freundeskreis-serlo.org\/?page_id=94\">Read More&#8230;<\/a><\/p>\n","protected":false},"author":1,"featured_media":17,"parent":30,"menu_order":0,"comment_status":"closed","ping_status":"closed","template":"","meta":{"footnotes":""},"class_list":["post-94","page","type-page","status-publish","has-post-thumbnail","hentry"],"_links":{"self":[{"href":"https:\/\/freundeskreis-serlo.org\/index.php?rest_route=\/wp\/v2\/pages\/94","targetHints":{"allow":["GET"]}}],"collection":[{"href":"https:\/\/freundeskreis-serlo.org\/index.php?rest_route=\/wp\/v2\/pages"}],"about":[{"href":"https:\/\/freundeskreis-serlo.org\/index.php?rest_route=\/wp\/v2\/types\/page"}],"author":[{"embeddable":true,"href":"https:\/\/freundeskreis-serlo.org\/index.php?rest_route=\/wp\/v2\/users\/1"}],"replies":[{"embeddable":true,"href":"https:\/\/freundeskreis-serlo.org\/index.php?rest_route=%2Fwp%2Fv2%2Fcomments&post=94"}],"version-history":[{"count":4,"href":"https:\/\/freundeskreis-serlo.org\/index.php?rest_route=\/wp\/v2\/pages\/94\/revisions"}],"predecessor-version":[{"id":252,"href":"https:\/\/freundeskreis-serlo.org\/index.php?rest_route=\/wp\/v2\/pages\/94\/revisions\/252"}],"up":[{"embeddable":true,"href":"https:\/\/freundeskreis-serlo.org\/index.php?rest_route=\/wp\/v2\/pages\/30"}],"wp:featuredmedia":[{"embeddable":true,"href":"https:\/\/freundeskreis-serlo.org\/index.php?rest_route=\/wp\/v2\/media\/17"}],"wp:attachment":[{"href":"https:\/\/freundeskreis-serlo.org\/index.php?rest_route=%2Fwp%2Fv2%2Fmedia&parent=94"}],"curies":[{"name":"wp","href":"https:\/\/api.w.org\/{rel}","templated":true}]}}