{"id":73,"date":"2016-02-12T18:28:06","date_gmt":"2016-02-12T18:28:06","guid":{"rendered":"http:\/\/freundeskreis-serlo.org\/?page_id=73"},"modified":"2022-01-13T12:59:23","modified_gmt":"2022-01-13T12:59:23","slug":"der-verein","status":"publish","type":"page","link":"https:\/\/freundeskreis-serlo.org\/?page_id=73","title":{"rendered":"Der Verein"},"content":{"rendered":"<p>Der gemeinn\u00fctzige Verein Freundeskreis Serlo wurde 2015 direkt nach dem verheerenden Erdbeben gegr\u00fcndet, um die Hilfe noch effektiver zu organisieren und neue Freunde f\u00fcr Serlo zu gewinnen.<\/p>\n<p><a href=\"https:\/\/freundeskreis-serlo.org\/?page_id=76\">Wir<\/a> sind seit mehr als 30 Jahren in tiefer Freundschaft mit dem Kloster und eng mit der Bev\u00f6lkerung verbunden. Deshalb <a href=\"https:\/\/freundeskreis-serlo.org\/?page_id=80\">bitten wir um Ihre Spende<\/a> f\u00fcr den Wiederaufbau des Klosters, der umliegenden D\u00f6rfer und f\u00fcr die Fortf\u00fchrung der begonnenen Projekte. Die gesammelten Gelder werden 1:1 weitergegeben.<br \/>\nDer Verein arbeitet ehrenamtlich, so dass jeder Euro direkt in Serlo ankommt.<\/p>\n","protected":false},"excerpt":{"rendered":"<p>Der gemeinn\u00fctzige Verein Freundeskreis Serlo wurde 2015 direkt nach dem verheerenden Erdbeben gegr\u00fcndet, um die Hilfe noch effektiver zu organisieren und neue Freunde f\u00fcr Serlo zu gewinnen. Wir sind seit mehr als 30 Jahren in tiefer<a class=\"moretag\" href=\"https:\/\/freundeskreis-serlo.org\/?page_id=73\">Read More&#8230;<\/a><\/p>\n","protected":false},"author":1,"featured_media":0,"parent":0,"menu_order":0,"comment_status":"closed","ping_status":"closed","template":"","meta":{"footnotes":""},"class_list":["post-73","page","type-page","status-publish","hentry"],"_links":{"self":[{"href":"https:\/\/freundeskreis-serlo.org\/index.php?rest_route=\/wp\/v2\/pages\/73","targetHints":{"allow":["GET"]}}],"collection":[{"href":"https:\/\/freundeskreis-serlo.org\/index.php?rest_route=\/wp\/v2\/pages"}],"about":[{"href":"https:\/\/freundeskreis-serlo.org\/index.php?rest_route=\/wp\/v2\/types\/page"}],"author":[{"embeddable":true,"href":"https:\/\/freundeskreis-serlo.org\/index.php?rest_route=\/wp\/v2\/users\/1"}],"replies":[{"embeddable":true,"href":"https:\/\/freundeskreis-serlo.org\/index.php?rest_route=%2Fwp%2Fv2%2Fcomments&post=73"}],"version-history":[{"count":2,"href":"https:\/\/freundeskreis-serlo.org\/index.php?rest_route=\/wp\/v2\/pages\/73\/revisions"}],"predecessor-version":[{"id":83,"href":"https:\/\/freundeskreis-serlo.org\/index.php?rest_route=\/wp\/v2\/pages\/73\/revisions\/83"}],"wp:attachment":[{"href":"https:\/\/freundeskreis-serlo.org\/index.php?rest_route=%2Fwp%2Fv2%2Fmedia&parent=73"}],"curies":[{"name":"wp","href":"https:\/\/api.w.org\/{rel}","templated":true}]}}