{"id":70,"date":"2016-02-12T18:22:22","date_gmt":"2016-02-12T18:22:22","guid":{"rendered":"http:\/\/freundeskreis-serlo.org\/?page_id=70"},"modified":"2022-01-13T12:59:48","modified_gmt":"2022-01-13T12:59:48","slug":"impressum","status":"publish","type":"page","link":"https:\/\/freundeskreis-serlo.org\/?page_id=70","title":{"rendered":"Impressum"},"content":{"rendered":"<p>Name und Anschrift:<\/p>\n<p>Freundeskreis Serlo e.V.<br \/>\nc\/o Wolfgang Schneider<br \/>\nRumfordstra\u00dfe 37<br \/>\n80469 M\u00fcnchen<\/p>\n<p>Email: <a href=\"mailto:info@freundeskreis-serlo.org\">info@freundeskreis-serlo.org<\/a><\/p>\n<p>Vorst\u00e4nde: Jochen Dressler, Rainer Ehrle, Karl Frass, Erhard Hafner, Wolfgang Schneider(Vorsitzender)<\/p>\n<p>Vereinssitz\/ Registergericht: M\u00fcnchen<br \/>\nRegisternummer:205869<br \/>\nKSt-Nr: 143\/215\/33338<\/p>\n<p>Inhaltlich verantwortlich: Der Vorstand des Freundeskreis Serlo e.V.<\/p>\n<p>Diese Website wurde erstellt von:<br \/>\nAnja Wilde &#8211; Coaching, Training und Gr\u00fcnderberatung<br \/>\n<a href=\"http:\/\/www.anjawilde.de\" target=\"_blank\" rel=\"noopener noreferrer\">www.anjawilde.de<\/a><\/p>\n","protected":false},"excerpt":{"rendered":"<p>Name und Anschrift: Freundeskreis Serlo e.V. c\/o Wolfgang Schneider Rumfordstra\u00dfe 37 80469 M\u00fcnchen Email: info@freundeskreis-serlo.org Vorst\u00e4nde: Jochen Dressler, Rainer Ehrle, Karl Frass, Erhard Hafner, Wolfgang Schneider(Vorsitzender) Vereinssitz\/ Registergericht: M\u00fcnchen Registernummer:205869 KSt-Nr: 143\/215\/33338 Inhaltlich verantwortlich: Der Vorstand<a class=\"moretag\" href=\"https:\/\/freundeskreis-serlo.org\/?page_id=70\">Read More&#8230;<\/a><\/p>\n","protected":false},"author":1,"featured_media":0,"parent":0,"menu_order":0,"comment_status":"closed","ping_status":"closed","template":"","meta":{"footnotes":""},"class_list":["post-70","page","type-page","status-publish","hentry"],"_links":{"self":[{"href":"https:\/\/freundeskreis-serlo.org\/index.php?rest_route=\/wp\/v2\/pages\/70","targetHints":{"allow":["GET"]}}],"collection":[{"href":"https:\/\/freundeskreis-serlo.org\/index.php?rest_route=\/wp\/v2\/pages"}],"about":[{"href":"https:\/\/freundeskreis-serlo.org\/index.php?rest_route=\/wp\/v2\/types\/page"}],"author":[{"embeddable":true,"href":"https:\/\/freundeskreis-serlo.org\/index.php?rest_route=\/wp\/v2\/users\/1"}],"replies":[{"embeddable":true,"href":"https:\/\/freundeskreis-serlo.org\/index.php?rest_route=%2Fwp%2Fv2%2Fcomments&post=70"}],"version-history":[{"count":9,"href":"https:\/\/freundeskreis-serlo.org\/index.php?rest_route=\/wp\/v2\/pages\/70\/revisions"}],"predecessor-version":[{"id":495,"href":"https:\/\/freundeskreis-serlo.org\/index.php?rest_route=\/wp\/v2\/pages\/70\/revisions\/495"}],"wp:attachment":[{"href":"https:\/\/freundeskreis-serlo.org\/index.php?rest_route=%2Fwp%2Fv2%2Fmedia&parent=70"}],"curies":[{"name":"wp","href":"https:\/\/api.w.org\/{rel}","templated":true}]}}