{"id":62,"date":"2016-02-12T18:12:02","date_gmt":"2016-02-12T18:12:02","guid":{"rendered":"http:\/\/freundeskreis-serlo.org\/?page_id=62"},"modified":"2022-01-13T12:55:14","modified_gmt":"2022-01-13T12:55:14","slug":"ausbildung","status":"publish","type":"page","link":"https:\/\/freundeskreis-serlo.org\/?page_id=62","title":{"rendered":"Ausbildung"},"content":{"rendered":"<p>Im Kloster Serlo leben derzeit etwa 100 M\u00f6nche und Novizen &#8211; der J\u00fcngste sieben, der \u00c4lteste fast 50 Jahre alt. In der buddhistischen Gesellschaft hat es eine lange Tradition, dass Familien ihre S\u00f6hne zur Ausbildung in ein Kloster schicken &#8211; oft der einzige Zugang zu Bildung.<\/p>\n<p>Die Kinder und Jugendlichen erhalten \u00fcber einen Zeitraum von f\u00fcnf Jahren eine Ausbildung in Landwirtschaft, Hauswirtschaft (Kochen, Hygiene) und verschiedenen handwerklichen F\u00e4higkeiten. Als Novizen bekommen sie dar\u00fcber hinaus eine vollst\u00e4ndige Ausbildung in buddhistischer Philosophie sowie eine schulische Grundausbildung (Erdkunde, Sprachen, Computer), die es ihnen sp\u00e4ter erm\u00f6glicht, in Kathmandu zu studieren, oder eine neunj\u00e4hrige Ausbildung zum buddhistischen Lehrer (Lop\u00f6n, Acharya) zu absolvieren.<\/p>\n\n\t\t<style type=\"text\/css\">\n\t\t\t#gallery-1 {\n\t\t\t\tmargin: auto;\n\t\t\t}\n\t\t\t#gallery-1 .gallery-item {\n\t\t\t\tfloat: left;\n\t\t\t\tmargin-top: 10px;\n\t\t\t\ttext-align: center;\n\t\t\t\twidth: 33%;\n\t\t\t}\n\t\t\t#gallery-1 img {\n\t\t\t\tborder: 2px solid #cfcfcf;\n\t\t\t}\n\t\t\t#gallery-1 .gallery-caption {\n\t\t\t\tmargin-left: 0;\n\t\t\t}\n\t\t\t\/* see gallery_shortcode() in wp-includes\/media.php *\/\n\t\t<\/style>\n\t\t<div id='gallery-1' class='gallery galleryid-62 gallery-columns-3 gallery-size-medium'><dl class='gallery-item'>\n\t\t\t<dt class='gallery-icon landscape'>\n\t\t\t\t<a href='https:\/\/freundeskreis-serlo.org\/?attachment_id=249'><img loading=\"lazy\" decoding=\"async\" width=\"300\" height=\"224\" src=\"https:\/\/freundeskreis-serlo.org\/wp-content\/uploads\/2016\/02\/Lernen_1-300x224.jpg\" class=\"attachment-medium size-medium\" alt=\"\" srcset=\"https:\/\/freundeskreis-serlo.org\/wp-content\/uploads\/2016\/02\/Lernen_1-300x224.jpg 300w, https:\/\/freundeskreis-serlo.org\/wp-content\/uploads\/2016\/02\/Lernen_1-768x574.jpg 768w, https:\/\/freundeskreis-serlo.org\/wp-content\/uploads\/2016\/02\/Lernen_1-1024x765.jpg 1024w, https:\/\/freundeskreis-serlo.org\/wp-content\/uploads\/2016\/02\/Lernen_1.jpg 1280w\" sizes=\"auto, (max-width: 300px) 100vw, 300px\" \/><\/a>\n\t\t\t<\/dt><\/dl><dl class='gallery-item'>\n\t\t\t<dt class='gallery-icon portrait'>\n\t\t\t\t<a href='https:\/\/freundeskreis-serlo.org\/?attachment_id=139'><img loading=\"lazy\" decoding=\"async\" width=\"169\" height=\"300\" src=\"https:\/\/freundeskreis-serlo.org\/wp-content\/uploads\/2016\/02\/20141113_140512-169x300.jpg\" class=\"attachment-medium size-medium\" alt=\"\" srcset=\"https:\/\/freundeskreis-serlo.org\/wp-content\/uploads\/2016\/02\/20141113_140512-169x300.jpg 169w, https:\/\/freundeskreis-serlo.org\/wp-content\/uploads\/2016\/02\/20141113_140512.jpg 564w\" sizes=\"auto, (max-width: 169px) 100vw, 169px\" \/><\/a>\n\t\t\t<\/dt><\/dl><dl class='gallery-item'>\n\t\t\t<dt class='gallery-icon landscape'>\n\t\t\t\t<a href='https:\/\/freundeskreis-serlo.org\/?attachment_id=19'><img loading=\"lazy\" decoding=\"async\" width=\"300\" height=\"225\" src=\"https:\/\/freundeskreis-serlo.org\/wp-content\/uploads\/2016\/02\/Foto_August-300x225.jpg\" class=\"attachment-medium size-medium\" alt=\"\" srcset=\"https:\/\/freundeskreis-serlo.org\/wp-content\/uploads\/2016\/02\/Foto_August-300x225.jpg 300w, https:\/\/freundeskreis-serlo.org\/wp-content\/uploads\/2016\/02\/Foto_August.jpg 564w\" sizes=\"auto, (max-width: 300px) 100vw, 300px\" \/><\/a>\n\t\t\t<\/dt><\/dl><br style=\"clear: both\" \/>\n\t\t<\/div>\n\n<p>In den Ferien gehen die Novizen zur\u00fcck in ihre D\u00f6rfer und geben viel ihres erworbenen praktischen Wissens z.B. aus der Landwirtschaft an ihre Familien weiter.<\/p>\n<p>Auch die Bildungsarbeit kam durch das schwere Beben 2015 ins Stocken. 2016 und 2017 will der Freundeskreis daher verst\u00e4rkt den Schulbetrieb durch Unterrichtsmaterialien, Stifte, Hefte und B\u00fccher unterst\u00fctzen. Dar\u00fcber hinaus werden die handwerklichen Ausbildungen z. B. f\u00fcr die Thangka-Maler-Ausbildung und ihr Bedarf an Materialien sicher gestellt.<\/p>\n<p>&nbsp;<\/p>\n<p>&nbsp;<\/p>\n","protected":false},"excerpt":{"rendered":"<p>Im Kloster Serlo leben derzeit etwa 100 M\u00f6nche und Novizen &#8211; der J\u00fcngste sieben, der \u00c4lteste fast 50 Jahre alt. In der buddhistischen Gesellschaft hat es eine lange Tradition, dass Familien ihre S\u00f6hne zur Ausbildung in<a class=\"moretag\" href=\"https:\/\/freundeskreis-serlo.org\/?page_id=62\">Read More&#8230;<\/a><\/p>\n","protected":false},"author":1,"featured_media":63,"parent":49,"menu_order":0,"comment_status":"closed","ping_status":"closed","template":"","meta":{"footnotes":""},"class_list":["post-62","page","type-page","status-publish","has-post-thumbnail","hentry"],"_links":{"self":[{"href":"https:\/\/freundeskreis-serlo.org\/index.php?rest_route=\/wp\/v2\/pages\/62","targetHints":{"allow":["GET"]}}],"collection":[{"href":"https:\/\/freundeskreis-serlo.org\/index.php?rest_route=\/wp\/v2\/pages"}],"about":[{"href":"https:\/\/freundeskreis-serlo.org\/index.php?rest_route=\/wp\/v2\/types\/page"}],"author":[{"embeddable":true,"href":"https:\/\/freundeskreis-serlo.org\/index.php?rest_route=\/wp\/v2\/users\/1"}],"replies":[{"embeddable":true,"href":"https:\/\/freundeskreis-serlo.org\/index.php?rest_route=%2Fwp%2Fv2%2Fcomments&post=62"}],"version-history":[{"count":9,"href":"https:\/\/freundeskreis-serlo.org\/index.php?rest_route=\/wp\/v2\/pages\/62\/revisions"}],"predecessor-version":[{"id":254,"href":"https:\/\/freundeskreis-serlo.org\/index.php?rest_route=\/wp\/v2\/pages\/62\/revisions\/254"}],"up":[{"embeddable":true,"href":"https:\/\/freundeskreis-serlo.org\/index.php?rest_route=\/wp\/v2\/pages\/49"}],"wp:featuredmedia":[{"embeddable":true,"href":"https:\/\/freundeskreis-serlo.org\/index.php?rest_route=\/wp\/v2\/media\/63"}],"wp:attachment":[{"href":"https:\/\/freundeskreis-serlo.org\/index.php?rest_route=%2Fwp%2Fv2%2Fmedia&parent=62"}],"curies":[{"name":"wp","href":"https:\/\/api.w.org\/{rel}","templated":true}]}}