{"id":552,"date":"2020-08-17T10:00:20","date_gmt":"2020-08-17T10:00:20","guid":{"rendered":"http:\/\/freundeskreis-serlo.org\/?page_id=552"},"modified":"2021-05-18T10:06:50","modified_gmt":"2021-05-18T10:06:50","slug":"corona-krise","status":"publish","type":"page","link":"https:\/\/freundeskreis-serlo.org\/?page_id=552","title":{"rendered":"Corona-Krise 2020\/2021"},"content":{"rendered":"\n<h2 class=\"wp-block-heading\">Nepals doppelte Krise<\/h2>\n\n\n\n<p>Es geht inzwischen nicht nur ums \u00dcberleben mit der Krankheit, sondern es geht ums \u00dcberleben \u00fcberhaupt. Durch das Ausbleiben der Touristen ist eine ganz wichtige Einnahmequelle, n\u00e4mlich die tagt\u00e4gliche Arbeit weggebrochen. Die Menschen, die fr\u00fcher als Tr\u00e4ger oder Begleiter Arbeit fanden, suchen jetzt umsonst. Ausgang gibt es\u00a0f\u00fcr die Menschen in Nepal aktuell (Mai 2021) lediglich t\u00e4glich f\u00fcr 2 x 2 Stunden um Nahrungsmittel einzukaufen. Die Polizei in Nepal \u00fcberwacht diese Sperren sehr streng und setzt auch die Pr\u00fcgelstrafe ein, bzw. es folgt eine Inhaftierung. Der nationale und internationale Reiseverkehr ist bis auf weiteres eingestellt.<\/p>\n\n\n\n<p>Rinpoche kann dank <strong>Ihrer<\/strong> Hilfe die Menschen in der Umgebung des Klosters mit Nahrungsmitteln unterst\u00fctzen und so den Hunger in den Familien etwas reduzieren. Das Kloster ist auch in der Lage Rechnungen f\u00fcr Krankenhausaufenthalte, Medizin und Arztbesuche\u00a0f\u00fcr die Menschen zu \u00fcbernehmen. Die Menschen geben ihre Rechnung im Kloster ab und Rinpoche nimmt die Bezahlung vor. Danke an alle Spender*innen! TASHI DELEK<\/p>\n\n\n\n<p><a href=\"https:\/\/www.srf.ch\/news\/international\/corona-pandemie-nepals-doppelte-krise\" target=\"_blank\" rel=\"noreferrer noopener\">Hier finden Sie einen Beitrag aus dem SRF (Schweizer Radio) vom 12. Mai 2021 \u00fcber Nepal und die Probleme mit Corona.<\/a><\/p>\n\n\n\n<h2 class=\"wp-block-heading\">Die Situation 2020<\/h2>\n\n\n\n<p>Der Corona-Virus verursacht auch in Nepal Armut und Hunger. Durch den Lockdown und Einreisestopp kommen keine Touristen mehr in die Mount Everest Region. Wovon sollen die Menschen jetzt leben? <\/p>\n\n\n\n<p>Dank der Unterst\u00fctzung seitens des Freundeskreises konnte Kloster Serlo die Sorgen von 70 Familien im Tal lindern. Pro Familie konnten <strong><a href=\"https:\/\/freundeskreis-serlo.org\/?page_id=76\">Tulku Pema Tharchhin Lama Rinpoche<\/a><\/strong> und die M\u00f6nche des Klosters im August 2020 jeder Familie 30 kg Reis, 1 kg Salz und 1 Liter \u00d6l, als Corona-Hilfe zur Verf\u00fcgung stellen. <\/p>\n\n\n\n<figure class=\"wp-block-gallery columns-3 is-cropped wp-block-gallery-1 is-layout-flex wp-block-gallery-is-layout-flex\"><ul class=\"blocks-gallery-grid\"><li class=\"blocks-gallery-item\"><figure><img loading=\"lazy\" decoding=\"async\" width=\"1024\" height=\"768\" src=\"https:\/\/freundeskreis-serlo.org\/wp-content\/uploads\/2020\/08\/IMG-20200815-WA0004.jpg\" alt=\"\" data-id=\"553\" data-link=\"https:\/\/freundeskreis-serlo.org\/?attachment_id=553\" class=\"wp-image-553\" srcset=\"https:\/\/freundeskreis-serlo.org\/wp-content\/uploads\/2020\/08\/IMG-20200815-WA0004.jpg 1024w, https:\/\/freundeskreis-serlo.org\/wp-content\/uploads\/2020\/08\/IMG-20200815-WA0004-300x225.jpg 300w, https:\/\/freundeskreis-serlo.org\/wp-content\/uploads\/2020\/08\/IMG-20200815-WA0004-768x576.jpg 768w\" sizes=\"auto, (max-width: 1024px) 100vw, 1024px\" \/><\/figure><\/li><li class=\"blocks-gallery-item\"><figure><img loading=\"lazy\" decoding=\"async\" width=\"768\" height=\"1024\" src=\"https:\/\/freundeskreis-serlo.org\/wp-content\/uploads\/2020\/08\/IMG-20200815-WA0012.jpg\" alt=\"\" data-id=\"554\" data-link=\"https:\/\/freundeskreis-serlo.org\/?attachment_id=554\" class=\"wp-image-554\" srcset=\"https:\/\/freundeskreis-serlo.org\/wp-content\/uploads\/2020\/08\/IMG-20200815-WA0012.jpg 768w, https:\/\/freundeskreis-serlo.org\/wp-content\/uploads\/2020\/08\/IMG-20200815-WA0012-225x300.jpg 225w\" sizes=\"auto, (max-width: 768px) 100vw, 768px\" \/><\/figure><\/li><li class=\"blocks-gallery-item\"><figure><img loading=\"lazy\" decoding=\"async\" width=\"768\" height=\"1024\" src=\"https:\/\/freundeskreis-serlo.org\/wp-content\/uploads\/2020\/08\/IMG-20200815-WA0010.jpg\" alt=\"\" data-id=\"563\" data-full-url=\"https:\/\/freundeskreis-serlo.org\/wp-content\/uploads\/2020\/08\/IMG-20200815-WA0010.jpg\" data-link=\"https:\/\/freundeskreis-serlo.org\/?attachment_id=563\" class=\"wp-image-563\" srcset=\"https:\/\/freundeskreis-serlo.org\/wp-content\/uploads\/2020\/08\/IMG-20200815-WA0010.jpg 768w, https:\/\/freundeskreis-serlo.org\/wp-content\/uploads\/2020\/08\/IMG-20200815-WA0010-225x300.jpg 225w\" sizes=\"auto, (max-width: 768px) 100vw, 768px\" \/><\/figure><\/li><\/ul><figcaption class=\"blocks-gallery-caption\">Wichtige Hilfe, die sofort ankommt: Reis, Salz und \u00d6l f\u00fcr die Familien in der Bergregion<\/figcaption><\/figure>\n\n\n\n<p>Weitere Hilfen sind geplant, um noch mehr Familien zu unterst\u00fctzen, die das Kloster im August nicht erreichen konnten, da der starke Monsun viele Wege beschwerlich oder unpassierbar gemacht hat.<\/p>\n\n\n\n<p>Der Monsun hat 2020 im gesamten Solu Khumbu die Kartoffelernte extrem verringert bzw. vernichtet und die ohnehin schwierige Situation der Menschen weiter versch\u00e4rft. Die Menschen werden sich die Kartoffel nicht von eigenem Grund und Boden ernten k\u00f6nnen, sondern m\u00fcssen diese aus anderen Gegenden teuer kaufen, um ihre Familien zu ern\u00e4hren. <\/p>\n\n\n\n<p>Ein Grund mehr f\u00fcr den Freundeskreis, auch weiterhin das Kloster und damit auch die Menschen in der Bergregion des Solu Khumbu besonders zu unterst\u00fctzen. Daher bitten wir auch immer wieder um Ihre <a href=\"https:\/\/freundeskreis-serlo.org\/?page_id=80\">Unterst\u00fctzung<\/a>.<\/p>\n","protected":false},"excerpt":{"rendered":"<p>Nepals doppelte Krise Es geht inzwischen nicht nur ums \u00dcberleben mit der Krankheit, sondern es geht ums \u00dcberleben \u00fcberhaupt. Durch das Ausbleiben der Touristen ist eine ganz wichtige Einnahmequelle, n\u00e4mlich die tagt\u00e4gliche Arbeit weggebrochen. Die Menschen,<a class=\"moretag\" href=\"https:\/\/freundeskreis-serlo.org\/?page_id=552\">Read More&#8230;<\/a><\/p>\n","protected":false},"author":1,"featured_media":0,"parent":67,"menu_order":0,"comment_status":"closed","ping_status":"closed","template":"","meta":{"footnotes":""},"class_list":["post-552","page","type-page","status-publish","hentry"],"_links":{"self":[{"href":"https:\/\/freundeskreis-serlo.org\/index.php?rest_route=\/wp\/v2\/pages\/552","targetHints":{"allow":["GET"]}}],"collection":[{"href":"https:\/\/freundeskreis-serlo.org\/index.php?rest_route=\/wp\/v2\/pages"}],"about":[{"href":"https:\/\/freundeskreis-serlo.org\/index.php?rest_route=\/wp\/v2\/types\/page"}],"author":[{"embeddable":true,"href":"https:\/\/freundeskreis-serlo.org\/index.php?rest_route=\/wp\/v2\/users\/1"}],"replies":[{"embeddable":true,"href":"https:\/\/freundeskreis-serlo.org\/index.php?rest_route=%2Fwp%2Fv2%2Fcomments&post=552"}],"version-history":[{"count":4,"href":"https:\/\/freundeskreis-serlo.org\/index.php?rest_route=\/wp\/v2\/pages\/552\/revisions"}],"predecessor-version":[{"id":611,"href":"https:\/\/freundeskreis-serlo.org\/index.php?rest_route=\/wp\/v2\/pages\/552\/revisions\/611"}],"up":[{"embeddable":true,"href":"https:\/\/freundeskreis-serlo.org\/index.php?rest_route=\/wp\/v2\/pages\/67"}],"wp:attachment":[{"href":"https:\/\/freundeskreis-serlo.org\/index.php?rest_route=%2Fwp%2Fv2%2Fmedia&parent=552"}],"curies":[{"name":"wp","href":"https:\/\/api.w.org\/{rel}","templated":true}]}}