{"id":52,"date":"2016-02-12T17:56:37","date_gmt":"2016-02-12T17:56:37","guid":{"rendered":"http:\/\/freundeskreis-serlo.org\/?page_id=52"},"modified":"2022-01-13T12:56:22","modified_gmt":"2022-01-13T12:56:22","slug":"landwirtschaft","status":"publish","type":"page","link":"https:\/\/freundeskreis-serlo.org\/?page_id=52","title":{"rendered":"Landwirtschaft"},"content":{"rendered":"<p>Das Kloster baut auf 3000 m H\u00f6he Obst, Getreide und Gem\u00fcse an. Dieser landwirtschaftliche Fortschritt wurde durch finanzielle Unterst\u00fctzung sowie die Expertise und Begleitung deutscher Landwirte und Agrarspezialisten erm\u00f6glicht. Das Kloster teilt sein Wissen wiederum mit den Menschen in den umliegenden D\u00f6rfern und schafft damit eine bessere Lebensgrundlage f\u00fcr Viele.<\/p>\n<p><img loading=\"lazy\" decoding=\"async\" class=\"size-medium wp-image-144 aligncenter\" src=\"https:\/\/freundeskreis-serlo.org\/wp-content\/uploads\/2016\/02\/Landwirtschaft-225x300.jpg\" alt=\"Landwirtschaft\" width=\"225\" height=\"300\" srcset=\"https:\/\/freundeskreis-serlo.org\/wp-content\/uploads\/2016\/02\/Landwirtschaft-225x300.jpg 225w, https:\/\/freundeskreis-serlo.org\/wp-content\/uploads\/2016\/02\/Landwirtschaft.jpg 564w\" sizes=\"auto, (max-width: 225px) 100vw, 225px\" \/><\/p>\n<p>Der Anbau von Kartoffeln, Karotten, Zwiebeln, Kr\u00e4utern und Salat gelingt in der H\u00f6henlage, auch Wintergeste gedeiht. Auch an verschiedenen Kohlsorten erfreut sich die Klostergemeinschaft. Dies ist nicht nur geschmacklich eine willkommene Abwechslung auf dem Teller, sondern auch gut zu lagern. Nicht zu letzt hilft sie einer einseitigen Ern\u00e4hrung vorzubeugen und den Vitamin\u2013Haushalt auf nat\u00fcrliche Weise zu bereichern. Der Anbau von \u00c4pfeln und Wurzelgem\u00fcse ist noch im Aufbau und macht gute Fortschritte.<\/p>\n\n\t\t<style type=\"text\/css\">\n\t\t\t#gallery-1 {\n\t\t\t\tmargin: auto;\n\t\t\t}\n\t\t\t#gallery-1 .gallery-item {\n\t\t\t\tfloat: left;\n\t\t\t\tmargin-top: 10px;\n\t\t\t\ttext-align: center;\n\t\t\t\twidth: 33%;\n\t\t\t}\n\t\t\t#gallery-1 img {\n\t\t\t\tborder: 2px solid #cfcfcf;\n\t\t\t}\n\t\t\t#gallery-1 .gallery-caption {\n\t\t\t\tmargin-left: 0;\n\t\t\t}\n\t\t\t\/* see gallery_shortcode() in wp-includes\/media.php *\/\n\t\t<\/style>\n\t\t<div id='gallery-1' class='gallery galleryid-52 gallery-columns-3 gallery-size-medium'><dl class='gallery-item'>\n\t\t\t<dt class='gallery-icon landscape'>\n\t\t\t\t<a href='https:\/\/freundeskreis-serlo.org\/?attachment_id=239'><img loading=\"lazy\" decoding=\"async\" width=\"300\" height=\"225\" src=\"https:\/\/freundeskreis-serlo.org\/wp-content\/uploads\/2016\/09\/Gemueseanbau-300x225.jpg\" class=\"attachment-medium size-medium\" alt=\"\" srcset=\"https:\/\/freundeskreis-serlo.org\/wp-content\/uploads\/2016\/09\/Gemueseanbau-300x225.jpg 300w, https:\/\/freundeskreis-serlo.org\/wp-content\/uploads\/2016\/09\/Gemueseanbau-768x576.jpg 768w, https:\/\/freundeskreis-serlo.org\/wp-content\/uploads\/2016\/09\/Gemueseanbau-1024x768.jpg 1024w, https:\/\/freundeskreis-serlo.org\/wp-content\/uploads\/2016\/09\/Gemueseanbau.jpg 1280w\" sizes=\"auto, (max-width: 300px) 100vw, 300px\" \/><\/a>\n\t\t\t<\/dt><\/dl><dl class='gallery-item'>\n\t\t\t<dt class='gallery-icon landscape'>\n\t\t\t\t<a href='https:\/\/freundeskreis-serlo.org\/?attachment_id=241'><img loading=\"lazy\" decoding=\"async\" width=\"300\" height=\"225\" src=\"https:\/\/freundeskreis-serlo.org\/wp-content\/uploads\/2016\/09\/Obstanbau_2-300x225.jpg\" class=\"attachment-medium size-medium\" alt=\"\" srcset=\"https:\/\/freundeskreis-serlo.org\/wp-content\/uploads\/2016\/09\/Obstanbau_2-300x225.jpg 300w, https:\/\/freundeskreis-serlo.org\/wp-content\/uploads\/2016\/09\/Obstanbau_2-768x576.jpg 768w, https:\/\/freundeskreis-serlo.org\/wp-content\/uploads\/2016\/09\/Obstanbau_2-1024x768.jpg 1024w, https:\/\/freundeskreis-serlo.org\/wp-content\/uploads\/2016\/09\/Obstanbau_2.jpg 1280w\" sizes=\"auto, (max-width: 300px) 100vw, 300px\" \/><\/a>\n\t\t\t<\/dt><\/dl><dl class='gallery-item'>\n\t\t\t<dt class='gallery-icon landscape'>\n\t\t\t\t<a href='https:\/\/freundeskreis-serlo.org\/?attachment_id=240'><img loading=\"lazy\" decoding=\"async\" width=\"300\" height=\"225\" src=\"https:\/\/freundeskreis-serlo.org\/wp-content\/uploads\/2016\/09\/Obstanbau-300x225.jpg\" class=\"attachment-medium size-medium\" alt=\"\" srcset=\"https:\/\/freundeskreis-serlo.org\/wp-content\/uploads\/2016\/09\/Obstanbau-300x225.jpg 300w, https:\/\/freundeskreis-serlo.org\/wp-content\/uploads\/2016\/09\/Obstanbau-768x576.jpg 768w, https:\/\/freundeskreis-serlo.org\/wp-content\/uploads\/2016\/09\/Obstanbau-1024x768.jpg 1024w, https:\/\/freundeskreis-serlo.org\/wp-content\/uploads\/2016\/09\/Obstanbau.jpg 1280w\" sizes=\"auto, (max-width: 300px) 100vw, 300px\" \/><\/a>\n\t\t\t<\/dt><\/dl><br style=\"clear: both\" \/>\n\t\t<\/div>\n\n<p>Die Haltung von Tieren, f\u00fcnf K\u00fche und ca. 20 H\u00fchner, dient ausschlie\u00dflich der Herstellung von Milch, K\u00e4se, Joghurt und Eiern &#8211; nicht zur Fleischproduktion und Ern\u00e4hrung.<\/p>\n<p>Der Freundeskreis Serlo unterst\u00fctzt ganz praktisch den Anbau von Obst, Gem\u00fcse und Getreide, auch die Wiederaufforstung gewinnt immer mehr an Bedeutung. Holz ist mehr oder weniger der einzige Bau- und Brennstoff, der f\u00fcr warmes Wasser und zum Kochen ben\u00f6tigt wird. Um der voranschreitenden Abholzung und Erosionsgefahr entgegenzuwirken und um das \u00d6kosystem und die Lebensgrundlage der Bewohner zu erhalten, unterst\u00fctzt das Kloster zusammen mit der \u00f6rtlichen Forstverwaltung Aufforstungsprojekte an den H\u00e4ngen des Tales.<\/p>\n<p><a href=\"https:\/\/freundeskreis-serlo.org\/?page_id=80\">So k\u00f6nnen Sie helfen.<\/a><\/p>\n","protected":false},"excerpt":{"rendered":"<p>Das Kloster baut auf 3000 m H\u00f6he Obst, Getreide und Gem\u00fcse an. Dieser landwirtschaftliche Fortschritt wurde durch finanzielle Unterst\u00fctzung sowie die Expertise und Begleitung deutscher Landwirte und Agrarspezialisten erm\u00f6glicht. Das Kloster teilt sein Wissen wiederum mit<a class=\"moretag\" href=\"https:\/\/freundeskreis-serlo.org\/?page_id=52\">Read More&#8230;<\/a><\/p>\n","protected":false},"author":1,"featured_media":18,"parent":49,"menu_order":0,"comment_status":"closed","ping_status":"closed","template":"","meta":{"footnotes":""},"class_list":["post-52","page","type-page","status-publish","has-post-thumbnail","hentry"],"_links":{"self":[{"href":"https:\/\/freundeskreis-serlo.org\/index.php?rest_route=\/wp\/v2\/pages\/52","targetHints":{"allow":["GET"]}}],"collection":[{"href":"https:\/\/freundeskreis-serlo.org\/index.php?rest_route=\/wp\/v2\/pages"}],"about":[{"href":"https:\/\/freundeskreis-serlo.org\/index.php?rest_route=\/wp\/v2\/types\/page"}],"author":[{"embeddable":true,"href":"https:\/\/freundeskreis-serlo.org\/index.php?rest_route=\/wp\/v2\/users\/1"}],"replies":[{"embeddable":true,"href":"https:\/\/freundeskreis-serlo.org\/index.php?rest_route=%2Fwp%2Fv2%2Fcomments&post=52"}],"version-history":[{"count":7,"href":"https:\/\/freundeskreis-serlo.org\/index.php?rest_route=\/wp\/v2\/pages\/52\/revisions"}],"predecessor-version":[{"id":248,"href":"https:\/\/freundeskreis-serlo.org\/index.php?rest_route=\/wp\/v2\/pages\/52\/revisions\/248"}],"up":[{"embeddable":true,"href":"https:\/\/freundeskreis-serlo.org\/index.php?rest_route=\/wp\/v2\/pages\/49"}],"wp:featuredmedia":[{"embeddable":true,"href":"https:\/\/freundeskreis-serlo.org\/index.php?rest_route=\/wp\/v2\/media\/18"}],"wp:attachment":[{"href":"https:\/\/freundeskreis-serlo.org\/index.php?rest_route=%2Fwp%2Fv2%2Fmedia&parent=52"}],"curies":[{"name":"wp","href":"https:\/\/api.w.org\/{rel}","templated":true}]}}