{"id":49,"date":"2016-02-12T17:53:30","date_gmt":"2016-02-12T17:53:30","guid":{"rendered":"http:\/\/freundeskreis-serlo.org\/?page_id=49"},"modified":"2022-01-13T12:50:34","modified_gmt":"2022-01-13T12:50:34","slug":"projekte","status":"publish","type":"page","link":"https:\/\/freundeskreis-serlo.org\/?page_id=49","title":{"rendered":"Aktuelle Projekte"},"content":{"rendered":"<p>Kloster Serlo ist ein wichtiger Impulsgeber f\u00fcr die wirtschaftliche Entwicklung im unteren Solu Khumbu. So wurde vom Kloster beispielsweise ein Wasserkraftwerk f\u00fcr die D\u00f6rfer gebaut sowie in die <a href=\"https:\/\/freundeskreis-serlo.org\/?page_id=52\">Entwicklung der Landwirtschaft, die Aufforstung des Tales <\/a>und ganz besonders in <a href=\"https:\/\/freundeskreis-serlo.org\/?page_id=62\">die Ausbildung junger Menschen<\/a> investiert. Diese Projekte werden ma\u00dfgeblich vom Freundeskreis Serlo begleitet und unterst\u00fctzt.<\/p>\n<p>Hier ein \u00dcberblick \u00fcber die <strong>aktuellen Projekte 2019<\/strong>:<\/p>\n<p>INFRASTRUKTUR:<\/p>\n<ul>\n<li>Renovierung und Erneuerung mehrerer Geb\u00e4ude in Kloster Serlo, dazu geh\u00f6ren u. a. ein Neubau f\u00fcr die medizinische Versorgung durch eine Arztpraxis&nbsp; und Lagerkapazit\u00e4t f\u00fcr tibetanische und westliche Medizin, d. h. eine verbesserte regionale medizinische Versorgung f\u00fcr Kloster Serlo und die umliegende Bev\u00f6lkerung<\/li>\n<li>Reparatur-\/Wartungsarbeiten am Wasserkraftwerk Mopong<\/li>\n<li>Ausbessern\/2x j\u00e4hrl. Renovierung zum Erhalt der Wege und Stra\u00dfen<\/li>\n<\/ul>\n<p>BILDUNG:<\/p>\n<ul>\n<li>Wie in den Vorjahren steigt die Sch\u00fclerzahl in Serlo Gompa an, der sehr gute Ruf von Rinpoches Schule sorgt f\u00fcr stetige Zunahme. Eigentlich hat Serlo eine Kapazit\u00e4t f\u00fcr 100 Sch\u00fcler; der aktuelle Stand liegt bei insgesamt 130 Sch\u00fclern\/Studenten.<\/li>\n<li>Schul-Stipendien: f\u00fcr Kinder, v. a. auch f\u00fcr M\u00e4dchen, deren Eltern das Schulgeld bzw. die Kosten f\u00fcr die Universit\u00e4t nicht aufbringen k\u00f6nnen (unabh\u00e4ngig von einer ethnischen Zugeh\u00f6rigkeit).\n<\/li>\n<\/ul>\n<p>SOZIALES:<br>Kleidungs-\/Decken-Spenden sowie Saatgut-Abgabe und die Weitergabe von Baumaterialien an arme Bewohner in der n\u00e4chsten Umgebung von Kloster Serlo und Junbesi<\/p>\n<p>WEITERE:<br>In der 2.H\u00e4lfte 2019 startete eine Wiederaufforstungs-Ma\u00dfnahme im Solu Khumbu mit einheimischen Laub- und Nadelb\u00e4umen sowie Obstgeh\u00f6lzen. Das Projekt startet in einem kleineren Rahmen, um Erfahrungen zu sammeln, und um dann schrittweise erfolgreich wachsen zu k\u00f6nnen. &nbsp;<\/p>\n<p><a style=\"font-size: inherit;\" href=\"https:\/\/freundeskreis-serlo.org\/?page_id=80\">So k\u00f6nnen Sie helfen.<\/a><\/p>\n\n\n<h4 class=\"wp-block-heading\">R\u00fcckblick auf die Projekte 2016\/17\/18 &#8211; gepr\u00e4gt vom Wiederaufbau nach dem Erdbeben 2015.<\/h4>\n\n\n\n<ul class=\"wp-block-list\"><li>Neue Trinkwasserleitung: Aus einer Felsenquelle in der N\u00e4he von Taktuk, unweit des Klosters, soll die Qualit\u00e4t des Trinkwassers im Tal sicher gestellt und deutlich verbessert werden, um Krankheiten vorzubeugen.<\/li><li>Stra\u00dfenbau: Reparatur und Ausbesserung der Stra\u00dfe zwischen Junbesi und dem Kloster<\/li><li><a href=\"https:\/\/freundeskreis-serlo.org\/?page_id=196\">Wasserkraft und Elektrizit\u00e4t:<\/a> Wichtige Reparaturen<\/li><li>Wiederaufbau der H\u00e4user: Besonders die armen und bed\u00fcrftigen Menschen in der Umgebung des Klosters sollen bei den Wiederaufbau- und Reparaturma\u00dfnahmen unterst\u00fctzt werden.<\/li><li><a href=\"https:\/\/freundeskreis-serlo.org\/?page_id=62\">Bildungsarbeit:<\/a> Unterst\u00fctzung der Schule und handwerklichen Ausbildungen<\/li><li>Renovierung der Gompa: Reparaturen und Wiederherstellung der traditionellen, buddhistischen Malereien f\u00fcr <a href=\"https:\/\/freundeskreis-serlo.org\/?page_id=121\">das spirituelle Zentrum<\/a> der Sherpas.<\/li><li>Lebenshaltungskosten: Die Nahrungsmittel- und Rohstoffpreise sind nach dem Beben stark schwankend und durchschnittlich deutlich gestiegen, so dass die Fixkosten des <a href=\"https:\/\/freundeskreis-serlo.org\/?page_id=94\">Klosters mit seinen \u00fcber 100 Bewohnern <\/a>h\u00f6her geworden sind.<\/li><\/ul>\n","protected":false},"excerpt":{"rendered":"<p>Kloster Serlo ist ein wichtiger Impulsgeber f\u00fcr die wirtschaftliche Entwicklung im unteren Solu Khumbu. So wurde vom Kloster beispielsweise ein Wasserkraftwerk f\u00fcr die D\u00f6rfer gebaut sowie in die Entwicklung der Landwirtschaft, die Aufforstung des Tales und<a class=\"moretag\" href=\"https:\/\/freundeskreis-serlo.org\/?page_id=49\">Read More&#8230;<\/a><\/p>\n","protected":false},"author":1,"featured_media":20,"parent":0,"menu_order":0,"comment_status":"closed","ping_status":"closed","template":"","meta":{"footnotes":""},"class_list":["post-49","page","type-page","status-publish","has-post-thumbnail","hentry"],"_links":{"self":[{"href":"https:\/\/freundeskreis-serlo.org\/index.php?rest_route=\/wp\/v2\/pages\/49","targetHints":{"allow":["GET"]}}],"collection":[{"href":"https:\/\/freundeskreis-serlo.org\/index.php?rest_route=\/wp\/v2\/pages"}],"about":[{"href":"https:\/\/freundeskreis-serlo.org\/index.php?rest_route=\/wp\/v2\/types\/page"}],"author":[{"embeddable":true,"href":"https:\/\/freundeskreis-serlo.org\/index.php?rest_route=\/wp\/v2\/users\/1"}],"replies":[{"embeddable":true,"href":"https:\/\/freundeskreis-serlo.org\/index.php?rest_route=%2Fwp%2Fv2%2Fcomments&post=49"}],"version-history":[{"count":11,"href":"https:\/\/freundeskreis-serlo.org\/index.php?rest_route=\/wp\/v2\/pages\/49\/revisions"}],"predecessor-version":[{"id":621,"href":"https:\/\/freundeskreis-serlo.org\/index.php?rest_route=\/wp\/v2\/pages\/49\/revisions\/621"}],"wp:featuredmedia":[{"embeddable":true,"href":"https:\/\/freundeskreis-serlo.org\/index.php?rest_route=\/wp\/v2\/media\/20"}],"wp:attachment":[{"href":"https:\/\/freundeskreis-serlo.org\/index.php?rest_route=%2Fwp%2Fv2%2Fmedia&parent=49"}],"curies":[{"name":"wp","href":"https:\/\/api.w.org\/{rel}","templated":true}]}}