{"id":44,"date":"2016-02-12T17:41:02","date_gmt":"2016-02-12T17:41:02","guid":{"rendered":"http:\/\/freundeskreis-serlo.org\/?page_id=44"},"modified":"2022-01-13T12:58:33","modified_gmt":"2022-01-13T12:58:33","slug":"zentrum-der-region","status":"publish","type":"page","link":"https:\/\/freundeskreis-serlo.org\/?page_id=44","title":{"rendered":"Zentrum der Region"},"content":{"rendered":"<p>Seit 1991, mit der \u00dcbernahme des Klosters durch Tulku Pema Tharchhin Lama Rinpoche hat sich Serlo zum spirituellen und gesellschaftlichen Zentrum und Impulsgeber der Region entwickelt. So wurde vom Kloster beispielsweise ein Wasserkraftwerk f\u00fcr die D\u00f6rfer gebaut sowie in die <a href=\"https:\/\/freundeskreis-serlo.org\/?page_id=52\">Entwicklung der Landwirtschaft<\/a>, die Aufforstung des Tales und ganz besonders in <a href=\"https:\/\/freundeskreis-serlo.org\/?page_id=62\">die Ausbildung<\/a> junger Menschen investiert. Im Sinne der buddhistischen Ethik und zum Erhalt der <a href=\"https:\/\/freundeskreis-serlo.org\/?page_id=121\">Sherpa-Kultur.<\/a><\/p>\n<p>Im Kloster Serlo leben derzeit etwa 100 M\u00f6nche und Novizen &#8211; der J\u00fcngste sieben, der \u00c4lteste fast 50 Jahre alt. In der buddhistischen Gesellschaft Nepals hat es eine lange Tradition, dass Familien ihre S\u00f6hne zur Ausbildung in ein Kloster schicken &#8211; oft der einzige Zugang zu Bildung. In den Ferien gehen die Novizen zur\u00fcck in ihre D\u00f6rfer und geben viel ihres erworbenen praktischen Wissens z.B. aus der Landwirtschaft an ihre Familien weiter.<\/p>\n","protected":false},"excerpt":{"rendered":"<p>Seit 1991, mit der \u00dcbernahme des Klosters durch Tulku Pema Tharchhin Lama Rinpoche hat sich Serlo zum spirituellen und gesellschaftlichen Zentrum und Impulsgeber der Region entwickelt. So wurde vom Kloster beispielsweise ein Wasserkraftwerk f\u00fcr die D\u00f6rfer<a class=\"moretag\" href=\"https:\/\/freundeskreis-serlo.org\/?page_id=44\">Read More&#8230;<\/a><\/p>\n","protected":false},"author":1,"featured_media":21,"parent":30,"menu_order":0,"comment_status":"closed","ping_status":"closed","template":"","meta":{"footnotes":""},"class_list":["post-44","page","type-page","status-publish","has-post-thumbnail","hentry"],"_links":{"self":[{"href":"https:\/\/freundeskreis-serlo.org\/index.php?rest_route=\/wp\/v2\/pages\/44","targetHints":{"allow":["GET"]}}],"collection":[{"href":"https:\/\/freundeskreis-serlo.org\/index.php?rest_route=\/wp\/v2\/pages"}],"about":[{"href":"https:\/\/freundeskreis-serlo.org\/index.php?rest_route=\/wp\/v2\/types\/page"}],"author":[{"embeddable":true,"href":"https:\/\/freundeskreis-serlo.org\/index.php?rest_route=\/wp\/v2\/users\/1"}],"replies":[{"embeddable":true,"href":"https:\/\/freundeskreis-serlo.org\/index.php?rest_route=%2Fwp%2Fv2%2Fcomments&post=44"}],"version-history":[{"count":2,"href":"https:\/\/freundeskreis-serlo.org\/index.php?rest_route=\/wp\/v2\/pages\/44\/revisions"}],"predecessor-version":[{"id":181,"href":"https:\/\/freundeskreis-serlo.org\/index.php?rest_route=\/wp\/v2\/pages\/44\/revisions\/181"}],"up":[{"embeddable":true,"href":"https:\/\/freundeskreis-serlo.org\/index.php?rest_route=\/wp\/v2\/pages\/30"}],"wp:featuredmedia":[{"embeddable":true,"href":"https:\/\/freundeskreis-serlo.org\/index.php?rest_route=\/wp\/v2\/media\/21"}],"wp:attachment":[{"href":"https:\/\/freundeskreis-serlo.org\/index.php?rest_route=%2Fwp%2Fv2%2Fmedia&parent=44"}],"curies":[{"name":"wp","href":"https:\/\/api.w.org\/{rel}","templated":true}]}}