{"id":387,"date":"2018-05-25T06:17:56","date_gmt":"2018-05-25T06:17:56","guid":{"rendered":"http:\/\/freundeskreis-serlo.org\/?page_id=387"},"modified":"2022-01-13T12:58:57","modified_gmt":"2022-01-13T12:58:57","slug":"datenschutz","status":"publish","type":"page","link":"https:\/\/freundeskreis-serlo.org\/?page_id=387","title":{"rendered":"Datenschutz"},"content":{"rendered":"<p><strong>Datenschutz-Information gem\u00e4\u00df Art. 13, 14 DSGVO<\/strong><\/p>\n<p><strong> I Name und Kontaktdaten des Verantwortlichen<\/strong><\/p>\n<p>F\u00fcr diese Website ist folgende Stelle verantwortlich gem. Art. 4 Nr. 7 Datenschutz-Grundverordnung (DSGVO):<\/p>\n<p>Freundeskreis Serlo e. V. (vertreten durch Wolfgang Schneider, Vorstand)<\/p>\n<p>Postanschrift:<\/p>\n<p>Freundeskreis Serlo e.V.<br \/>\nc\/o Wolfgang Schneider<br \/>\nRumfordstra\u00dfe 37<br \/>\n80469 M\u00fcnchen<\/p>\n<p>Email: info@freundeskreis-serlo.org<\/p>\n<p><strong>II Allgemeine Informationen<\/strong><\/p>\n<ol>\n<li><strong>Warum gibt es diese Information?<\/strong><\/li>\n<\/ol>\n<p>Der Gesetzgeber verpflichtet uns, gem\u00e4\u00df Art. 13 und Art. 14 Datenschutz-Grundverordnung (DSGVO) betroffene Personen \u00fcber die Verarbeitung ihrer personenbezogenen Daten zu informieren. Im Folgenden wird Ihnen mitgeteilt, in welchem Umfang wir als \u201eVerantwortlicher\u201c Ihre personenbezogenen Daten verarbeiten werden und welche Rechte Ihnen als \u201ebetroffene Person\u201c zustehen.<\/p>\n<p>Wir verarbeiten grunds\u00e4tzlich keine personenbezogenen Daten von betroffenen Personen, es sei denn die Verarbeitung ist aufgrund gesetzlicher Vorschriften (\u201eRechtsgrundlage\u201c) gestattet. Eine von Ihnen uns freiwillig und nach vorheriger Unterrichtung erteilte Einwilligungserkl\u00e4rung kann auch eine Rechtsgrundlage f\u00fcr die Verarbeitung Ihrer personenbezogenen Daten darstellen.<\/p>\n<ol start=\"2\">\n<li><strong> Was sind personenbezogene Daten und wer ist betroffen?<\/strong><\/li>\n<\/ol>\n<p>\u201ePersonenbezogene Daten\u201c sind gem. Art. 4 Nr. 1 DSGVO alle Informationen, die sich auf eine identifizierte oder identifizierbare nat\u00fcrliche Person (im Folgenden \u201ebetroffene Person\u201c) beziehen; als identifizierbar wird eine nat\u00fcrliche Person angesehen, die direkt oder indirekt, insbesondere mittels Zuordnung zu einer Kennung wie einem Namen, zu einer Kennnummer, zu Standortdaten, zu einer Online-Kennung oder zu einem oder mehreren besonderen Merkmalen identifiziert werden kann, die Ausdruck der physischen, physiologischen, genetischen, psychischen, wirtschaftlichen, kulturellen oder sozialen Identit\u00e4t dieser nat\u00fcrlichen Person sind. Es gibt viele Gr\u00fcnde, warum Sie uns gegen\u00fcber eine betroffene Person sein k\u00f6nnten, f\u00fcr deren personenbezogene Daten wir verantwortlich sind. Betroffene Person sind Sie zum Beispiel als Nutzer unserer Websites, Sender und Empf\u00e4nger von Briefen, E-Mails oder anderen Mitteilungen, Anrufer und Angerufener, Besch\u00e4ftigter, Kunde, Lieferant oder sonstiger Kooperationspartner.<\/p>\n<ol start=\"3\">\n<li><strong> Was sind die Rechtsgrundlagen? <\/strong><\/li>\n<\/ol>\n<p>Soweit wir f\u00fcr Verarbeitungsvorg\u00e4nge personenbezogener Daten eine Einwilligung der betroffenen Person einholen, dient Art. 6 Abs. 1 lit. a DSGVO als Rechtsgrundlage. Bei der Verarbeitung von personenbezogenen Daten, die zur Erf\u00fcllung eines Vertrages, dessen Vertragspartei die betroffene Person ist, erforderlich ist, dient Art. 6 Abs. 1 lit. b DSGVO als Rechtsgrundlage. Dies gilt auch f\u00fcr Verarbeitungsvorg\u00e4nge, die zur Durchf\u00fchrung vorvertraglicher Ma\u00dfnahmen auf Anfrage der betroffenen Person erforderlich sind. Soweit eine Verarbeitung personenbezogener Daten zur Erf\u00fcllung einer rechtlichen Verpflichtung erforderlich ist, der unser Verein unterliegt, dient Art. 6 Abs. 1 lit. c DSGVO als Rechtsgrundlage. F\u00fcr den Fall, dass lebenswichtige Interessen der betroffenen Person oder einer anderen nat\u00fcrlichen Person eine Verarbeitung personenbezogener Daten erforderlich machen, dient Art. 6 Abs. 1 lit. d DSGVO als Rechtsgrundlage. Ist die Verarbeitung zur Wahrung eines berechtigten Interesses unseres Vereins oder eines Dritten erforderlich und \u00fcberwiegen die Interessen, Grundrechte und Grundfreiheiten des Betroffenen dem erstgenannten Interesse nicht, so dient Art. 6 Abs. 1 lit. f DSGVO als Rechtsgrundlage f\u00fcr die Verarbeitung.<\/p>\n<ol start=\"4\">\n<li><strong> Wie lange werden personenbezogene Daten gespeichert bzw. wann gel\u00f6scht?<\/strong><\/li>\n<\/ol>\n<p>Die personenbezogenen Daten der betroffenen Person werden gel\u00f6scht oder gesperrt, sobald der Zweck der Speicherung entf\u00e4llt. Eine Speicherung kann dar\u00fcber hinaus erfolgen, wenn dies durch den europ\u00e4ischen oder nationalen Gesetzgeber in unionsrechtlichen Verordnungen, Gesetzen oder sonstigen Vorschriften, nach denen wir zur Aufbewahrung der personenbezogenen Daten verpflichtet sind, festgelegt ist. Eine Sperrung oder L\u00f6schung der Daten erfolgt auch dann, wenn eine durch die genannten Normen vorgeschriebene Speicherfrist abl\u00e4uft; es sei denn, dass eine weitere Speicherung der Daten f\u00fcr einen Vertragsabschluss oder eine Vertragserf\u00fcllung erforderlich ist.<\/p>\n<ol start=\"5\">\n<li><strong> Welche technischen und organisatorischen Ma\u00dfnahmen kommen zum Einsatz?<\/strong><\/li>\n<\/ol>\n<p>Die Gew\u00e4hrleistung der Datensicherheit ist uns ein besonderes wichtiges Anliegen. Wir setzen daher angemessene technische und organisatorische Ma\u00dfnahmen ein, insbesondere zum Schutz Ihrer personenbezogenen Daten vor Gefahren bei Daten\u00fcbertragungen und zum Schutz gegen Kenntniserlangung durch Dritte. Unsere Datensicherheitsma\u00dfnamen werden jeweils entsprechend dem aktuellen Stand der Technik \u00fcberpr\u00fcft und angepasst.<\/p>\n<ol start=\"6\">\n<li><strong> Welche Rechte habe ich als betroffene Person?<\/strong><\/li>\n<\/ol>\n<p>Soweit von uns als \u201eVerantwortlicher\u201c personenbezogene Daten \u00fcber Sie oder einen Dritten als betroffene Person verarbeitet werden, stehen dieser Person die folgenden Betroffenenrechte zu: Rechte auf Auskunft, Berichtigung, Sperrung und L\u00f6schung sowie Widerruf Ihrer Einwilligung bzw. Widerspruch, Rechte bei automatisierter Verarbeitung und Profiling und Sie haben ein Beschwerderecht gegen\u00fcber der Aufsichtsbeh\u00f6rde.<\/p>\n<p><strong>6.1 Recht auf Widerruf der Einwilligung<\/strong>: Sie haben das Recht gem\u00e4\u00df Art. 7 Abs. 3 DSGVO Ihre einmal erteilte Einwilligung jederzeit gegen\u00fcber dem Verantwortlichen zu widerrufen. Dies hat zur Folge, dass die Datenverarbeitung, die auf dieser Einwilligung beruhte, f\u00fcr die Zukunft nicht mehr fortgef\u00fchrt werden darf.<\/p>\n<p><strong>6.2 Recht auf Auskunft<\/strong>: Sie haben gem\u00e4\u00df Art. 15 DSGVO das Recht, Auskunft \u00fcber Ihre beim Verantwortlichen verarbeiteten personenbezogenen Daten zu verlangen. Insbesondere k\u00f6nnen Sie Auskunft \u00fcber die Verarbeitungszwecke, die Kategorie der personenbezogenen Daten, die Kategorien von Empf\u00e4ngern, gegen\u00fcber denen Ihre Daten offengelegt wurden oder werden, die geplante Speicherdauer, das Bestehen eines Rechts auf Berichtigung, L\u00f6schung, Einschr\u00e4nkung der Verarbeitung oder Widerspruch, das Bestehen eines Beschwerderechts, die Herkunft ihrer Daten, sofern diese nicht bei uns erhoben wurden, sowie \u00fcber das Bestehen einer automatisierten Entscheidungsfindung einschlie\u00dflich Profiling und ggf. aussagekr\u00e4ftigen Informationen zu deren Einzelheiten verlangen.<\/p>\n<p><strong>6.3 Recht auf Berichtigung<\/strong>: Sie haben das Recht, gem\u00e4\u00df Art. 16 DSGVO unverz\u00fcglich die Berichtigung unrichtiger oder Vervollst\u00e4ndigung Ihrer beim Verantwortlichen gespeicherten personenbezogenen Daten zu verlangen.<\/p>\n<p><strong>6.4 Recht auf L\u00f6schung und Vergessenwerden<\/strong>: Sie haben das Recht, gem\u00e4\u00df Art. 17 DSGVO die L\u00f6schung Ihrer beim Verantwortlichen gespeicherten personenbezogenen Daten zu verlangen, soweit nicht die Verarbeitung zur Aus\u00fcbung des Rechts auf freie Meinungs\u00e4u\u00dferung und Information, zur Erf\u00fcllung einer rechtlichen Verpflichtung, aus Gr\u00fcnden des \u00f6ffentlichen Interesses oder zur Geltendmachung, Aus\u00fcbung oder Verteidigung von Rechtsanspr\u00fcchen erforderlich ist.<\/p>\n<p><strong>6.5 Recht auf Einschr\u00e4nkung<\/strong>: Sie haben gem\u00e4\u00df Art. 18 DSGVO das Recht die Einschr\u00e4nkung der Verarbeitung Ihrer personenbezogenen Daten zu verlangen, soweit die Richtigkeit der Daten von Ihnen bestritten wird, die Verarbeitung unrechtm\u00e4\u00dfig ist, Sie aber deren L\u00f6schung ablehnen und wir die Daten nicht mehr ben\u00f6tigen, Sie jedoch diese zur Geltendmachung, Aus\u00fcbung oder Verteidigung von Rechtsanspr\u00fcchen ben\u00f6tigen oder Sie gem\u00e4\u00df Art. 21 DSGVO Widerspruch gegen die Verarbeitung eingelegt haben.<\/p>\n<p><strong>6.6 Recht auf Daten\u00fcbertragbarkeit<\/strong>: Sie haben gem\u00e4\u00df Art. 20 DSGVO das Recht Ihre personenbezogenen Daten, die Sie uns bereitgestellt haben, in einem strukturierten, g\u00e4ngigen und maschinenlesebaren Format zu erhalten oder die \u00dcbermittlung an einen anderen Verantwortlichen zu verlangen.<\/p>\n<p><strong>6.7 Recht auf Beschwerde<\/strong>: Sie d\u00fcrfen sich gem\u00e4\u00df Art. 77 DSGVO bei einer Aufsichtsbeh\u00f6rde beschweren. In der Regel k\u00f6nnen Sie sich hierf\u00fcr an die Aufsichtsbeh\u00f6rde Ihres \u00fcblichen Aufenthaltsortes oder Arbeitsplatzes oder des Sitzes des Verantwortlichen wenden.<\/p>\n<p><strong>6.8 Widerspruchsrecht:&nbsp;<\/strong>Sofern Ihre personenbezogenen Daten auf Grundlage von berechtigten Interessen gem\u00e4\u00df Art. 6 Abs. 1 S. 1 lit. f DSGVO verarbeitet werden, haben Sie das Recht, gem\u00e4\u00df Art. 21 DSGVO Widerspruch gegen die Verarbeitung Ihrer personenbezogenen Daten einzulegen, soweit daf\u00fcr Gr\u00fcnde vorliegen, die sich aus Ihrer besonderen Situation ergeben. F\u00fcr die Geltendmachung Ihres Widerspruchsrechts gen\u00fcgt eine E-Mail an den Verantwortlichen.<\/p>\n<p><strong>&nbsp;<\/strong><\/p>\n<p><strong>III. Besondere Informationen zur Verarbeitung auf dieser Website<\/strong><\/p>\n<ol>\n<li><strong> Bereitstellung der Website und Erstellung von Protokolldateien<\/strong><\/li>\n<\/ol>\n<p><strong>1.1 Umfang der Verarbeitung<\/strong><\/p>\n<p>Bei jedem Aufruf unserer Website erfasst unser System automatisiert Daten und Informationen von dem Computersystem, mit dem die betroffene Person (nachfolgend: Nutzer) unsere Website aufruft. Diese Daten werden auf unserem Server in einer Protokolldatei (sogenannte Logfiles) gespeichert und verarbeitet. Folgende personenbezogene Daten werden hierbei erhoben:<\/p>\n<ol>\n<li>Informationen \u00fcber den Browsertyp und die verwendete Version<\/li>\n<li>Informationen \u00fcber das Betriebssystem des Nutzers<\/li>\n<li>Informationen \u00fcber den Internet-Service-Provider des Nutzers<\/li>\n<li>Die IP-Adresse des Nutzers<\/li>\n<li>Datum und Uhrzeit des Zugriffs<\/li>\n<\/ol>\n<p><strong>1.2 Zweck der Verarbeitung<\/strong><\/p>\n<p>Die IP-Adresse ist eine Zahlenkette, die f\u00fcr den Zeitpunkt des Aufrufs unserer Website Ihr Computersystem eindeutig zuordnet. Die IP-Adresse dient dem Empfang und Versand von Datenpaketen und erm\u00f6glicht, dass ein Nutzer eine Website abrufen kann. Die vor\u00fcbergehende Speicherung der IP-Adresse auf unserem Server ist notwendig, um nach dem Aufruf unserer Website die Seiteninhalte an das Computersystem des Nutzers zu \u00fcbermitteln, damit dieser die Inhalte wahrnehmen kann. Die Speicherung in Protokolldateien erfolgt, um die Funktionsf\u00e4higkeit der Website sicherzustellen und eventuell auftretende \u00dcbermittlungsfehler feststellen zu k\u00f6nnen. Zudem dienen uns diese Daten zur Optimierung der Website und zur Sicherstellung der Sicherheit unserer informationstechnischen Systeme. Eine Auswertung der Daten zu Marketingzwecken findet in diesem Zusammenhang nicht statt.<\/p>\n<p><strong>1.3 Rechtsgrundlage der Verarbeitung<\/strong><\/p>\n<p>Die Verarbeitung erfolgt aufgrund unserer berechtigten Interessen nach Art. 6 Abs. 1 lit. f DSGVO.<\/p>\n<p><strong>1.4 Berechtigte Interessen<\/strong><\/p>\n<p>Wenn die Verarbeitung auf Art. 6 Abs. 1 lit. f DSGVO beruht, sind wir verpflichtet, die von uns verfolgten berechtigten Interessen mitzuteilen. Wir haben ein berechtigtes Interesse daran, die oben genannten personenbezogenen Daten f\u00fcr die oben genannten Zwecke zu verarbeiten, um unser wirtschaftliches und ideelles Interesse an der Au\u00dfendarstellung unseres Vereins zu verfolgen. Die Au\u00dfendarstellung dient der \u00d6ffentlichkeitsarbeit des Vereins und der Information Interessierter \u00fcber den aktuellen Stand und die Entwicklungen im Kloster Serlo, Nepal.<\/p>\n<p><strong>1.5 Empf\u00e4nger oder Kategorien von Empf\u00e4ngern<\/strong><\/p>\n<p>Die personenbezogenen Daten werden an unsere EDV-Verantwortlichen und an unsere Auftragnehmer, die zum Hosting und zur Bereitstellung der IT-Ressourcen f\u00fcr den Betrieb der Website beauftragt sind, weitergegeben.<\/p>\n<p><strong>1.6 Drittstaaten\u00fcbermittlung<\/strong><\/p>\n<p>Wir beabsichtigen nicht, die personenbezogenen Daten ins Ausland zu \u00fcbermitteln.<\/p>\n<p><strong>1.7 Dauer der Speicherung<\/strong><\/p>\n<p>Die personenbezogenen Daten werden gel\u00f6scht, sobald sie f\u00fcr die Erreichung des Zweckes ihrer Erhebung nicht mehr erforderlich sind. Im Falle der Erfassung der Daten zur Bereitstellung der Website ist dies der Fall, wenn die jeweilige Sitzung beendet ist. Die IP-Adresse des Nutzers muss f\u00fcr die Dauer der Sitzung gespeichert bleiben, um die Nutzung der Website zu erm\u00f6glichen. In der Protokolldatei gespeicherte Daten werden gel\u00f6scht, sobald sie f\u00fcr die Erreichung des Zweckes ihrer Erhebung nicht mehr erforderlich sind. Eine dar\u00fcber hinausgehende Speicherung ist m\u00f6glich. In diesem Fall werden die IP-Adressen der Nutzer gel\u00f6scht oder anonymisiert, sodass eine Zuordnung des aufrufenden Computersystems nicht mehr m\u00f6glich ist. Nach sp\u00e4testens sieben Tagen erfolgt die endg\u00fcltige L\u00f6schung der Daten<\/p>\n<p><strong>1.8 Angaben zur automatisierten Entscheidungsfindung<\/strong><\/p>\n<p>Wir verzichten auf automatisierte Entscheidungsfindung gem. Art. 22 DSGVO.<\/p>\n<p><strong>1.9 Widerspruchs- und Beseitigungsm\u00f6glichkeit<\/strong><\/p>\n<p>Als betroffene Person haben Sie das Recht, aus Gr\u00fcnden, die sich aus Ihrer besonderen Situation ergeben, jederzeit gegen die Verarbeitung sie betreffender personenbezogener Daten, die aufgrund von Art. 6 Abs. 1 lit. e oder f DSGVO, Widerspruch einzulegen (Art. 21 Abs. 1 DSGVO). Wir verarbeiten die personenbezogenen Daten in diesem Fall nicht mehr, es sei denn, wir k\u00f6nnen zwingende schutzw\u00fcrdige Gr\u00fcnde f\u00fcr die Verarbeitung nachweisen, die Ihre Interessen, Rechte und Freiheiten als betroffene Person \u00fcberwiegen, oder wenn die Verarbeitung der Geltendmachung, Aus\u00fcbung oder Verteidigung von Rechtsanspr\u00fcchen dient. Die Verarbeitung der personenbezogenen Daten zur Bereitstellung der Website und zur Erstellung der Protokolldatei ist f\u00fcr den Betrieb der Website zwingend erforderlich. Der Nutzer kann daher dieser Art der Verarbeitung nicht widersprechen.<\/p>\n<ol start=\"2\">\n<li><strong> Datenverarbeitung durch Cookies<\/strong><\/li>\n<\/ol>\n<p><strong>2.1 Umfang der Verarbeitung<\/strong><\/p>\n<p>Auf unserer Website verwenden wir keine sogenannten, dem Datenschutz unterliegenden, Cookies. Bei Cookies handelt es sich um Textdateien, die im Internetbrowser bzw. vom Internetbrowser auf dem Computersystem des Nutzers gespeichert werden, sobald ein Nutzer unsere Website aufruft. Cookies enthalten charakteristische Zeichenfolgen, die eine eindeutige Identifizierung des Browsers beim erneuten Aufrufen der Website erm\u00f6glichen.<\/p>\n<p><strong>2.2 Zweck der Verarbeitung technisch notwendiger Cookies<\/strong><\/p>\n<p>Der Zweck der Verwendung technisch notwendiger Cookies ist es, die Nutzung von Websites f\u00fcr die Nutzer zu vereinfachen. Einige Funktionen unserer Internetseite k\u00f6nnen ohne den Einsatz von Cookies nicht angeboten werden. F\u00fcr diese ist es erforderlich, dass der Internetbrowser auch nach einem Seitenwechsel wiedererkannt wird. Die durch technisch notwendige Cookies erhobenen Nutzerdaten werden nicht zur Erstellung von datenschutzpflichtigen Nutzerprofilen verwendet.<\/p>\n<p><strong>2.3 Berechtigte Interessen<\/strong><\/p>\n<p>Wenn die Verarbeitung auf Art. 6 Abs. 1 lit. f DSGVO &#8211; also auf einer Interessenabw\u00e4gung &#8211; beruht, sind wir verpflichtet, die von uns verfolgten berechtigten Interessen mitzuteilen. Wir haben hier kein berechtigtes Interesse daran, personenbezogene Daten (Ziff. 2.1) f\u00fcr die Zwecke (Ziff. 2.2) zu verarbeiten. Unser Interesse besteht ausschlie\u00dflich in dem technischen Angebot eine Website zu bieten, die den allgemein anerkannten Regeln der Technik sowie Datenschutz entspricht. Unser Interesse ist es den Nutzern eine leichte, interessen- und bedarfsgerechte Nutzung unserer Website zu erm\u00f6glichen.<\/p>\n<p><strong>2.4 Dauer der Speicherung<\/strong><\/p>\n<p>Die Daten werden gel\u00f6scht, sobald sie f\u00fcr die Erreichung des Zweckes ihrer Erhebung nicht mehr erforderlich sind. Im Falle der Verarbeitung der Daten zur Bereitstellung der Website ist dies der Fall, wenn die jeweilige Sitzung beendet ist. Cookies werden auf dem Computersystem des Nutzers gespeichert und von diesem an unseren Server \u00fcbermittelt. Daher haben Sie als Nutzer auch die volle Kontrolle \u00fcber die Verwendung von Cookies. Durch eine \u00c4nderung der Einstellungen in Ihrem Internetbrowser k\u00f6nnen Sie die \u00dcbertragung von Cookies deaktivieren oder einschr\u00e4nken. Bereits gespeicherte Cookies k\u00f6nnen jederzeit gel\u00f6scht werden. Dies kann auch automatisiert erfolgen.<\/p>\n<p><strong>2.5 Widerspruchs- und Beseitigungsm\u00f6glichkeit<\/strong><\/p>\n<p>Die betroffene Person hat das Recht, aus Gr\u00fcnden, die sich aus ihrer besonderen Situation ergeben, jederzeit gegen die Verarbeitung sie betreffender personenbezogener Daten, die aufgrund von Art. 6 Abs. 1 lit. e oder f DSGVO, Widerspruch einzulegen (Art. 21 Abs. 1 DSGVO). Der Verantwortliche verarbeitet die personenbezogenen Daten ab dann nicht mehr, es sei denn, er kann zwingende schutzw\u00fcrdige Gr\u00fcnde f\u00fcr die Verarbeitung nachweisen, die die Interessen, Rechte und Freiheiten der betroffenen Person \u00fcberwiegen, oder die Verarbeitung dient der Geltendmachung, Aus\u00fcbung oder Verteidigung von Rechtsanspr\u00fcchen. Werden Cookies f\u00fcr unsere Website deaktiviert, k\u00f6nnen m\u00f6glicherweise nicht mehr alle Funktionen der Website vollumf\u00e4nglich genutzt werden.<\/p>\n<ol start=\"3\">\n<li><strong> Datenverarbeitung bei allgemeinen Anfragen<\/strong><\/li>\n<\/ol>\n<p><strong>3.1 Umfang der Verarbeitung<\/strong><\/p>\n<p>\u00dcber unsere Website k\u00f6nnen Sie allgemeine Anfragen per E-Mail, Telefon oder per Post an uns richten. Unter Angabe Ihrer personenbezogenen Daten, Anrede, Vorname, Nachname, E-Mail-Adresse, Angaben zu Ihrem Anliegen oder sonstige Fragen verarbeiten wir Ihre personenbezogenen Daten.<\/p>\n<p><strong>3.2 Zweck der Verarbeitung<\/strong><\/p>\n<p>Die Website soll Ihnen eine einfache und komfortable M\u00f6glichkeit bieten, mit uns in Kontakt zu treten. Ihre personenbezogenen Daten werden verarbeitet, um Sie zu identifizieren und um Ihr Anliegen bzw. Ihre Frage zu beantworten. Ihre Anfragen per E-Mail werden verarbeitet, um Ihnen zu antworten. E-Mail-Adressen werden nicht f\u00fcr Werbezwecke verwendet.<\/p>\n<p><strong>3.3 Rechtsgrundlage der Verarbeitung<\/strong><\/p>\n<p>Die Verarbeitung Ihrer oben genannten personenbezogenen Daten ist f\u00fcr die Erf\u00fcllung des Vertrags, dessen Vertragspartei Sie sind oder zur Durchf\u00fchrung vorvertraglicher Ma\u00dfnahmen und allgemeiner Anfragen im Vorfeld Ihrer Bestellung, erforderlich und beruht auf Art. 6 Abs. 1 S. 1 lit. b DSGVO. Die Verarbeitung erfolgt bei allgemeinen, unverbindlichen Anfragen aufgrund unserer berechtigten Interessen nach Art. 6 Abs. 1 S. 1 lit. f DSGVO.<\/p>\n<p><strong>3.4 Berechtigte Interessen<\/strong><\/p>\n<p>Wenn die Verarbeitung auf Art. 6 Abs. 1 lit. f DSGVO &#8211; also auf einer Interessenabw\u00e4gung &#8211; beruht, sind wir verpflichtet, die von uns verfolgten berechtigten Interessen mitzuteilen. Wir haben hier ein berechtigtes Interesse daran, die personenbezogenen Daten (Ziff. 3.1) f\u00fcr die Zwecke (Ziff. 3.2) zu verarbeiten, um unser wirtschaftliches und ideelles Interesse an der Au\u00dfendarstellung unseres Vereins zu verfolgen und um ggf. Direktwerbung zu betreiben. Dazu geh\u00f6rt auch, auf Ihre Anfragen einzugehen.<\/p>\n<p><strong>3.5 Empf\u00e4nger oder Kategorien von Empf\u00e4ngern<\/strong><\/p>\n<p>Wir erhalten Ihre Anfrage und ggf. Spenden und verarbeiten Sie mit unseren Mitarbeitern. Wir geben Ihre personenbezogenen Daten, die uns im Wege der Anfrage oder Spende&nbsp; \u00fcbermittelt wurden, an externe Zahlungsdienstleister (z.B. Banken) und bei Pr\u00fcfung des Vereins an Finanzbeh\u00f6rden weiter.<\/p>\n<p><strong>3.6 Drittstaaten\u00fcbermittlung<\/strong><\/p>\n<p>Wir beabsichtigen nicht, die personenbezogenen Daten ins Ausland zu \u00fcbermitteln.<\/p>\n<p><strong>3.7 Dauer der Speicherung<\/strong><\/p>\n<p>Die personenbezogenen Daten werden gel\u00f6scht, sobald sie f\u00fcr die Erreichung des Zweckes ihrer Erhebung nicht mehr erforderlich sind. Rechnungsdaten werden 10 Jahre aufbewahrt,<br \/>\n\u00a7 257 HGB.<\/p>\n<p><strong>&nbsp;IV <\/strong><strong>Bereitstellung Ihrer Daten (Art. 13 Abs. 2 lit. e DSGVO)<\/strong><\/p>\n<p>Die Bereitstellung Ihrer Daten ist freiwillig. Sofern Sie Ihre personenbezogenen Daten, z.B. Ihren Namen oder Ihre Adressdaten nicht bereitstellen wollen, k\u00f6nnen auf Ihre Anfragen nicht eingehen oder diese nicht beantworten.<\/p>\n<p><strong>V Ansprechpartner<\/strong><\/p>\n<p>Alle Anfragen und Antr\u00e4ge zur Geltendmachung der Rechte der betroffenen Personen sind per Email zu richten an: info@freundeskreis-serlo.org<\/p>\n<p>Hier finden Sie die aktuellste Datenschutz-Information zum Download:<\/p>\n<p><a href=\"https:\/\/freundeskreis-serlo.org\/wp-content\/uploads\/2019\/08\/Datenschutz-Informationen-Freundeskreis-Serlo-eV-Stand-19.08.2019.pdf\">Datenschutz-Informationen Freundeskreis Serlo e. V. Stand 19.08.2019<\/a><\/p>\n","protected":false},"excerpt":{"rendered":"<p>Datenschutz-Information gem\u00e4\u00df Art. 13, 14 DSGVO I Name und Kontaktdaten des Verantwortlichen F\u00fcr diese Website ist folgende Stelle verantwortlich gem. Art. 4 Nr. 7 Datenschutz-Grundverordnung (DSGVO): Freundeskreis Serlo e. V. (vertreten durch Wolfgang Schneider, Vorstand) Postanschrift:<a class=\"moretag\" href=\"https:\/\/freundeskreis-serlo.org\/?page_id=387\">Read More&#8230;<\/a><\/p>\n","protected":false},"author":1,"featured_media":0,"parent":0,"menu_order":0,"comment_status":"closed","ping_status":"closed","template":"","meta":{"footnotes":""},"class_list":["post-387","page","type-page","status-publish","hentry"],"_links":{"self":[{"href":"https:\/\/freundeskreis-serlo.org\/index.php?rest_route=\/wp\/v2\/pages\/387","targetHints":{"allow":["GET"]}}],"collection":[{"href":"https:\/\/freundeskreis-serlo.org\/index.php?rest_route=\/wp\/v2\/pages"}],"about":[{"href":"https:\/\/freundeskreis-serlo.org\/index.php?rest_route=\/wp\/v2\/types\/page"}],"author":[{"embeddable":true,"href":"https:\/\/freundeskreis-serlo.org\/index.php?rest_route=\/wp\/v2\/users\/1"}],"replies":[{"embeddable":true,"href":"https:\/\/freundeskreis-serlo.org\/index.php?rest_route=%2Fwp%2Fv2%2Fcomments&post=387"}],"version-history":[{"count":10,"href":"https:\/\/freundeskreis-serlo.org\/index.php?rest_route=\/wp\/v2\/pages\/387\/revisions"}],"predecessor-version":[{"id":626,"href":"https:\/\/freundeskreis-serlo.org\/index.php?rest_route=\/wp\/v2\/pages\/387\/revisions\/626"}],"wp:attachment":[{"href":"https:\/\/freundeskreis-serlo.org\/index.php?rest_route=%2Fwp%2Fv2%2Fmedia&parent=387"}],"curies":[{"name":"wp","href":"https:\/\/api.w.org\/{rel}","templated":true}]}}