{"id":30,"date":"2016-02-12T17:16:56","date_gmt":"2016-02-12T17:16:56","guid":{"rendered":"http:\/\/freundeskreis-serlo.org\/?page_id=30"},"modified":"2022-01-13T13:27:17","modified_gmt":"2022-01-13T13:27:17","slug":"das-kloster","status":"publish","type":"page","link":"https:\/\/freundeskreis-serlo.org\/?page_id=30","title":{"rendered":"Das Kloster"},"content":{"rendered":"<p>Nepal, Mount Everest Region, rund 300 km oder vier Tagesm\u00e4rsche von Kathmandu entfernt, auf 3000 m H\u00f6he, hier liegt das buddhistische Kloster Serlo. Im Kloster Serlo <a href=\"https:\/\/freundeskreis-serlo.org\/?page_id=94\">leben derzeit etwa 100 M\u00f6nche und Novizen<\/a> &#8211; der J\u00fcngste sechs, der \u00c4lteste fast 50 Jahre alt.<\/p>\n<p><a href=\"https:\/\/freundeskreis-serlo.org\/?page_id=115\">1959 wurde das Kloster wenige Meter oberhalb des Dorfes Junbesi gegr\u00fcndet<\/a>. Nach dem Tod des Gr\u00fcnders baten die Bewohner des Dorfes seinen Sch\u00fcler Tulku Pema Tharcchin Lama aus Indien nach Serlo zur\u00fcckzukehren und das Kloster fortzuf\u00fchren, das f\u00fcr die umliegenden D\u00f6rfer das <a href=\"https:\/\/freundeskreis-serlo.org\/?page_id=44\" target=\"_blank\" rel=\"noopener\">spirituelle und wirtschaftliche Zentrum und ein Impulsgeber f\u00fcr die Entwicklung der Region<\/a> ist.<\/p>\n<p>Die Bev\u00f6lkerung des Tales stammt weitgehend aus dem nahegelegenen Tibet und ist seit ca. 500 Jahren hier im Nordosten Nepals sesshaft geworden.<\/p>\n<p>Das Kloster <a href=\"https:\/\/freundeskreis-serlo.org\/?page_id=94\">sorgt selbst f\u00fcr seinen Unterhalt <\/a>und baut auf 3000 m H\u00f6he Gem\u00fcse und Obst an, sorgt f\u00fcr die Instandhaltung und den hauswirtschaftlichen Betrieb. Dieser Anbau wird von uns finanziell, aber vor allem ganz praktisch und vor Ort durch Expertise und Begleitung deutscher Landwirte und Agraringenieure unterst\u00fctzt.<\/p>\n<p><a href=\"https:\/\/freundeskreis-serlo.org\/?page_id=80\">Wollen Sie das Kloster und seine Arbeit unterst\u00fctzen?<\/a><\/p>\n<p>&nbsp;<\/p>\n","protected":false},"excerpt":{"rendered":"<p>Nepal, Mount Everest Region, rund 300 km oder vier Tagesm\u00e4rsche von Kathmandu entfernt, auf 3000 m H\u00f6he, hier liegt das buddhistische Kloster Serlo. Im Kloster Serlo leben derzeit etwa 100 M\u00f6nche und Novizen &#8211; der J\u00fcngste<a class=\"moretag\" href=\"https:\/\/freundeskreis-serlo.org\/?page_id=30\">Read More&#8230;<\/a><\/p>\n","protected":false},"author":1,"featured_media":26,"parent":0,"menu_order":0,"comment_status":"closed","ping_status":"closed","template":"","meta":{"footnotes":""},"class_list":["post-30","page","type-page","status-publish","has-post-thumbnail","hentry"],"_links":{"self":[{"href":"https:\/\/freundeskreis-serlo.org\/index.php?rest_route=\/wp\/v2\/pages\/30","targetHints":{"allow":["GET"]}}],"collection":[{"href":"https:\/\/freundeskreis-serlo.org\/index.php?rest_route=\/wp\/v2\/pages"}],"about":[{"href":"https:\/\/freundeskreis-serlo.org\/index.php?rest_route=\/wp\/v2\/types\/page"}],"author":[{"embeddable":true,"href":"https:\/\/freundeskreis-serlo.org\/index.php?rest_route=\/wp\/v2\/users\/1"}],"replies":[{"embeddable":true,"href":"https:\/\/freundeskreis-serlo.org\/index.php?rest_route=%2Fwp%2Fv2%2Fcomments&post=30"}],"version-history":[{"count":8,"href":"https:\/\/freundeskreis-serlo.org\/index.php?rest_route=\/wp\/v2\/pages\/30\/revisions"}],"predecessor-version":[{"id":622,"href":"https:\/\/freundeskreis-serlo.org\/index.php?rest_route=\/wp\/v2\/pages\/30\/revisions\/622"}],"wp:featuredmedia":[{"embeddable":true,"href":"https:\/\/freundeskreis-serlo.org\/index.php?rest_route=\/wp\/v2\/media\/26"}],"wp:attachment":[{"href":"https:\/\/freundeskreis-serlo.org\/index.php?rest_route=%2Fwp%2Fv2%2Fmedia&parent=30"}],"curies":[{"name":"wp","href":"https:\/\/api.w.org\/{rel}","templated":true}]}}