{"id":196,"date":"2016-06-14T09:53:29","date_gmt":"2016-06-14T09:53:29","guid":{"rendered":"http:\/\/freundeskreis-serlo.org\/?page_id=196"},"modified":"2022-01-13T12:55:43","modified_gmt":"2022-01-13T12:55:43","slug":"energiegewinnung","status":"publish","type":"page","link":"https:\/\/freundeskreis-serlo.org\/?page_id=196","title":{"rendered":"Energiegewinnung"},"content":{"rendered":"<p>2006 wurde in Mopung, in der N\u00e4he von Serlo, auf Initiative des Klosters und mit Unterst\u00fctzung des Freundeskreises ein neues Wasserkraftwerk errichtet, das nach und nach erweitert wurde und die umliegenden D\u00f6rfer wie Junbesi versorgt.<\/p>\n<p>Durch das Beben 2015 gab es auch hier schwere Sch\u00e4den. Im Herbst und Winter 2016 sollen der Wasserkanal und ein Generator repariert werden sowie Teile der Stromleitungen ausgetauscht oder wieder hergestellt werden.<\/p>\n","protected":false},"excerpt":{"rendered":"<p>2006 wurde in Mopung, in der N\u00e4he von Serlo, auf Initiative des Klosters und mit Unterst\u00fctzung des Freundeskreises ein neues Wasserkraftwerk errichtet, das nach und nach erweitert wurde und die umliegenden D\u00f6rfer wie Junbesi versorgt. Durch<a class=\"moretag\" href=\"https:\/\/freundeskreis-serlo.org\/?page_id=196\">Read More&#8230;<\/a><\/p>\n","protected":false},"author":1,"featured_media":0,"parent":49,"menu_order":0,"comment_status":"closed","ping_status":"closed","template":"","meta":{"footnotes":""},"class_list":["post-196","page","type-page","status-publish","hentry"],"_links":{"self":[{"href":"https:\/\/freundeskreis-serlo.org\/index.php?rest_route=\/wp\/v2\/pages\/196","targetHints":{"allow":["GET"]}}],"collection":[{"href":"https:\/\/freundeskreis-serlo.org\/index.php?rest_route=\/wp\/v2\/pages"}],"about":[{"href":"https:\/\/freundeskreis-serlo.org\/index.php?rest_route=\/wp\/v2\/types\/page"}],"author":[{"embeddable":true,"href":"https:\/\/freundeskreis-serlo.org\/index.php?rest_route=\/wp\/v2\/users\/1"}],"replies":[{"embeddable":true,"href":"https:\/\/freundeskreis-serlo.org\/index.php?rest_route=%2Fwp%2Fv2%2Fcomments&post=196"}],"version-history":[{"count":1,"href":"https:\/\/freundeskreis-serlo.org\/index.php?rest_route=\/wp\/v2\/pages\/196\/revisions"}],"predecessor-version":[{"id":197,"href":"https:\/\/freundeskreis-serlo.org\/index.php?rest_route=\/wp\/v2\/pages\/196\/revisions\/197"}],"up":[{"embeddable":true,"href":"https:\/\/freundeskreis-serlo.org\/index.php?rest_route=\/wp\/v2\/pages\/49"}],"wp:attachment":[{"href":"https:\/\/freundeskreis-serlo.org\/index.php?rest_route=%2Fwp%2Fv2%2Fmedia&parent=196"}],"curies":[{"name":"wp","href":"https:\/\/api.w.org\/{rel}","templated":true}]}}