{"id":115,"date":"2016-02-12T19:41:10","date_gmt":"2016-02-12T19:41:10","guid":{"rendered":"http:\/\/freundeskreis-serlo.org\/?page_id=115"},"modified":"2022-01-13T12:57:38","modified_gmt":"2022-01-13T12:57:38","slug":"tradition","status":"publish","type":"page","link":"https:\/\/freundeskreis-serlo.org\/?page_id=115","title":{"rendered":"Geschichte und Tradition"},"content":{"rendered":"<p>Das Kloster Serlo Gonpa (Nga-gyur Ser-g\u00f6n Lung-rig She-drub Zung-del-Ling), also der &#8222;Platz, wo gemeinsam gelernt und meditiert wird, Lama Serwa&#8217;s Platz&#8220;, wurde 1959 von Sangye Tenzing Lama als &#8222;H\u00f6heres Ausbildungszentrum f\u00fcr Nyingmapa-Studien&#8220; gegr\u00fcndet. Der jetzige Abt, Tulku Pema Tharchhin Lama war von 1975 bis 1984 ein Sch\u00fcler des Gr\u00fcnders. Danach studierte er in Mysore (S\u00fcdindien) am Nyingma-Institut unter Dilgo Khyentse Rinpoche, Penor Rinpoche und Truishik Rinpoche.<\/p>\n<p>1990 starb pl\u00f6tzlich Sangye Tenzing Lama in Serlo Gonpa. In dieser schweren Zeit des \u00dcbergangs gr\u00fcndete Tulku Pema Tharchhin Lama (Rinpoche) schlie\u00dflich 1992 eine neue Schule als &#8222;Himalayan Buddhist Academy&#8220;. Er startete mit acht Sch\u00fclern.<\/p>\n<p><img loading=\"lazy\" decoding=\"async\" class=\"alignnone size-medium wp-image-222\" src=\"https:\/\/freundeskreis-serlo.org\/wp-content\/uploads\/2016\/02\/20160313_161406_web-300x169.jpg\" alt=\"20160313_161406_web\" width=\"300\" height=\"169\" srcset=\"https:\/\/freundeskreis-serlo.org\/wp-content\/uploads\/2016\/02\/20160313_161406_web-300x169.jpg 300w, https:\/\/freundeskreis-serlo.org\/wp-content\/uploads\/2016\/02\/20160313_161406_web.jpg 500w\" sizes=\"auto, (max-width: 300px) 100vw, 300px\" \/><\/p>\n<p>1991 beginnt bereits der gemeinsame Weg des heutigen Freundeskreis Serlo mit Rinpoche &#8211; schon beim Aufbau der neuen Schule. Es war anf\u00e4nglich keine einfache Aufgabe, die Rinpoche mit Mut, Freundlichkeit und buddhistischer Gelassenheit meistern musste. So und mit Hilfe vieler Freunde und Sponsoren aus Deutschland und der Schweiz entwickelte sich das Kloster nach und nach zu einem Mittelpunkt f\u00fcr das <a href=\"https:\/\/freundeskreis-serlo.org\/?page_id=121\">Leben der Sherpa<\/a> und <a href=\"https:\/\/freundeskreis-serlo.org\/?page_id=44\">die ganze Region<\/a>.<\/p>\n<p>Das Hauptgeb\u00e4ude wurde 2004 auf Grund von Stabilit\u00e4tsproblemen komplett renoviert und durch neue R\u00e4ume erweitert. 2006 wurde im nahen Mopung ein neues Wasserkraftwerk errichtet, das nach und nach erweitert wurde. 2008 kam um das Hauptgeb\u00e4ude noch ein traditionelles, hufeisenf\u00f6rmiges Hofgeb\u00e4ude mit 32 Zimmern f\u00fcr die M\u00f6nche hinzu und 2011 ein weiteres gr\u00f6\u00dferes Geb\u00e4ude. Parallel arbeitet ein deutscher Spezialist f\u00fcr Landwirtschaft Hand in Hand mit den M\u00f6nchen an der Verbesserung der <a href=\"https:\/\/freundeskreis-serlo.org\/?page_id=52\">Bodenstruktur, pflanzt ertragreiche Sorten,<\/a> legt Terrassenbefestigungen an und baut eine neue Toilettenanlage.<\/p>\n<p><img loading=\"lazy\" decoding=\"async\" class=\"alignnone size-medium wp-image-15\" src=\"https:\/\/freundeskreis-serlo.org\/wp-content\/uploads\/2016\/02\/Foto_Dezember-300x225.jpg\" alt=\"Foto_Dezember\" width=\"300\" height=\"225\" srcset=\"https:\/\/freundeskreis-serlo.org\/wp-content\/uploads\/2016\/02\/Foto_Dezember-300x225.jpg 300w, https:\/\/freundeskreis-serlo.org\/wp-content\/uploads\/2016\/02\/Foto_Dezember.jpg 564w\" sizes=\"auto, (max-width: 300px) 100vw, 300px\" \/><\/p>\n<p>Das <a href=\"https:\/\/freundeskreis-serlo.org\/?page_id=106\">schwere Beben 2015<\/a> hat viel der jahrzehntelangen Aufbauarbeit zunichte gemacht. Mit der starken Energie, der Tatkraft und Gelassenheit der Sherpa sowie der <a href=\"https:\/\/freundeskreis-serlo.org\/?page_id=80\">Unterst\u00fctzung des Freundeskreises<\/a> wird der <a href=\"https:\/\/freundeskreis-serlo.org\/?page_id=124\">Wiederaufbau<\/a> gelingen. Zuversicht und Freude wird die Menschen befl\u00fcgeln, auch f\u00fcr die Zukunft das Beste zu schaffen.<\/p>\n<p>&nbsp;<\/p>\n<h4>Eine wichtige Tradition: Die Feuerpuja<\/h4>\n<p>Die Feuerpuja ist ein wichtiges Ritual im tibetischen Buddhismus zur F\u00f6rderung von Gl\u00fcck, Gesundheit sowie Beseitigung von Hindernissen.<\/p>\n<p>Bereits am Vortag einer Feuerpuja erstellt Tulku Pema Tharchhin Lama Rinpoche ein Mandala zur Visualisierung der G\u00f6tterpal\u00e4ste. Auf diesem Mandala wird dann das Holz f\u00fcr das Feuer errichtet. Es handelt sich um ein Wunschfeuer. In dieses&nbsp; Feuer werden verschiedene Substanzen eingebracht: Korn, Weizen, Senfk\u00f6rner, Sesam, Butter, Yoghurt-Zucker, spezielles Gras, Stoffst\u00fccke in verschiedenen Farben sowie spezielles Holz.<\/p>\n<p>Von diesen Zutaten werden zwei Linien als Opfergaben erstellt:<\/p>\n<ol>\n<li>Linie: Dies sind die Opfergaben f\u00fcr die G\u00f6tter, Dakinis (weibliche Schutzgottheiten) und alle Buddhas.<\/li>\n<\/ol>\n<ol start=\"2\">\n<li>Linie f\u00fcr Geister, D\u00e4monen und alle Verstorbenen in den unteren Daseinsbereichen. Es ist ihnen nicht m\u00f6glich, Opfergaben in materieller Substanz anzunehmen. F\u00fcr sie kommen die Opfergaben in Form von Ger\u00fcchen, Rauch und R\u00e4ucherst\u00e4bchen in Frage.<\/li>\n<\/ol>\n<p>Nahrung opfern wir f\u00fcr Alle, welche nicht genug Nahrung haben, Kleider f\u00fcr jene welche frieren m\u00fcssen. Wir stellen uns vor, dass jeder das annimmt, was er ben\u00f6tigt.<\/p>\n<p>Wir wollen alle ihre W\u00fcnsche erf\u00fcllen. Wir denken an alle unsere Krankheiten, seien sie von k\u00f6rperlicher oder seelischer Natur (\u00c4ngste, Sorgen, Zweifel) sowie an unser schlechtes Karma, welches wir durch Gier, Neid, Hass, Zorn und Unwissenheit angesammelt haben und verbrennen dies in diesem heiligen Feuer.<\/p>\n<p>Wenn alle durch unsere Opfergaben befriedet sind, werden sie uns keine Hindernisse mehr in den Weg legen und wir finden uns in einem Zustand des inneren Friedens wieder.<\/p>\n<p>Jeder kann seine W\u00fcnsche und Sorgen auch auf einen kleinen Zettel schreiben, um diesen dann dem Feuer zu \u00fcbergeben. Wenn jemand keinen Zettel schreiben will, kann er auch in Form einer Visualisierung seine Sorgen, N\u00f6te und W\u00fcnsche dem Feuer anvertrauen.<\/p>\n\n\t\t<style type=\"text\/css\">\n\t\t\t#gallery-1 {\n\t\t\t\tmargin: auto;\n\t\t\t}\n\t\t\t#gallery-1 .gallery-item {\n\t\t\t\tfloat: left;\n\t\t\t\tmargin-top: 10px;\n\t\t\t\ttext-align: center;\n\t\t\t\twidth: 33%;\n\t\t\t}\n\t\t\t#gallery-1 img {\n\t\t\t\tborder: 2px solid #cfcfcf;\n\t\t\t}\n\t\t\t#gallery-1 .gallery-caption {\n\t\t\t\tmargin-left: 0;\n\t\t\t}\n\t\t\t\/* see gallery_shortcode() in wp-includes\/media.php *\/\n\t\t<\/style>\n\t\t<div id='gallery-1' class='gallery galleryid-115 gallery-columns-3 gallery-size-medium'><dl class='gallery-item'>\n\t\t\t<dt class='gallery-icon landscape'>\n\t\t\t\t<a href='https:\/\/freundeskreis-serlo.org\/?attachment_id=205'><img loading=\"lazy\" decoding=\"async\" width=\"300\" height=\"169\" src=\"https:\/\/freundeskreis-serlo.org\/wp-content\/uploads\/2016\/02\/20160615_135623-300x169.jpg\" class=\"attachment-medium size-medium\" alt=\"\" srcset=\"https:\/\/freundeskreis-serlo.org\/wp-content\/uploads\/2016\/02\/20160615_135623-300x169.jpg 300w, https:\/\/freundeskreis-serlo.org\/wp-content\/uploads\/2016\/02\/20160615_135623.jpg 350w\" sizes=\"auto, (max-width: 300px) 100vw, 300px\" \/><\/a>\n\t\t\t<\/dt><\/dl><dl class='gallery-item'>\n\t\t\t<dt class='gallery-icon portrait'>\n\t\t\t\t<a href='https:\/\/freundeskreis-serlo.org\/?attachment_id=206'><img loading=\"lazy\" decoding=\"async\" width=\"225\" height=\"300\" src=\"https:\/\/freundeskreis-serlo.org\/wp-content\/uploads\/2016\/02\/P1120217-225x300.jpg\" class=\"attachment-medium size-medium\" alt=\"\" srcset=\"https:\/\/freundeskreis-serlo.org\/wp-content\/uploads\/2016\/02\/P1120217-225x300.jpg 225w, https:\/\/freundeskreis-serlo.org\/wp-content\/uploads\/2016\/02\/P1120217.jpg 768w\" sizes=\"auto, (max-width: 225px) 100vw, 225px\" \/><\/a>\n\t\t\t<\/dt><\/dl><dl class='gallery-item'>\n\t\t\t<dt class='gallery-icon portrait'>\n\t\t\t\t<a href='https:\/\/freundeskreis-serlo.org\/?attachment_id=207'><img loading=\"lazy\" decoding=\"async\" width=\"225\" height=\"300\" src=\"https:\/\/freundeskreis-serlo.org\/wp-content\/uploads\/2016\/02\/P1120256-225x300.jpg\" class=\"attachment-medium size-medium\" alt=\"\" srcset=\"https:\/\/freundeskreis-serlo.org\/wp-content\/uploads\/2016\/02\/P1120256-225x300.jpg 225w, https:\/\/freundeskreis-serlo.org\/wp-content\/uploads\/2016\/02\/P1120256.jpg 768w\" sizes=\"auto, (max-width: 225px) 100vw, 225px\" \/><\/a>\n\t\t\t<\/dt><\/dl><br style=\"clear: both\" \/><dl class='gallery-item'>\n\t\t\t<dt class='gallery-icon landscape'>\n\t\t\t\t<a href='https:\/\/freundeskreis-serlo.org\/?attachment_id=208'><img loading=\"lazy\" decoding=\"async\" width=\"300\" height=\"225\" src=\"https:\/\/freundeskreis-serlo.org\/wp-content\/uploads\/2016\/02\/P1120486-300x225.jpg\" class=\"attachment-medium size-medium\" alt=\"\" srcset=\"https:\/\/freundeskreis-serlo.org\/wp-content\/uploads\/2016\/02\/P1120486-300x225.jpg 300w, https:\/\/freundeskreis-serlo.org\/wp-content\/uploads\/2016\/02\/P1120486-768x576.jpg 768w, https:\/\/freundeskreis-serlo.org\/wp-content\/uploads\/2016\/02\/P1120486-1024x768.jpg 1024w, https:\/\/freundeskreis-serlo.org\/wp-content\/uploads\/2016\/02\/P1120486.jpg 1280w\" sizes=\"auto, (max-width: 300px) 100vw, 300px\" \/><\/a>\n\t\t\t<\/dt><\/dl><dl class='gallery-item'>\n\t\t\t<dt class='gallery-icon portrait'>\n\t\t\t\t<a href='https:\/\/freundeskreis-serlo.org\/?attachment_id=209'><img loading=\"lazy\" decoding=\"async\" width=\"225\" height=\"300\" src=\"https:\/\/freundeskreis-serlo.org\/wp-content\/uploads\/2016\/02\/P1120593-225x300.jpg\" class=\"attachment-medium size-medium\" alt=\"\" srcset=\"https:\/\/freundeskreis-serlo.org\/wp-content\/uploads\/2016\/02\/P1120593-225x300.jpg 225w, https:\/\/freundeskreis-serlo.org\/wp-content\/uploads\/2016\/02\/P1120593.jpg 768w\" sizes=\"auto, (max-width: 225px) 100vw, 225px\" \/><\/a>\n\t\t\t<\/dt><\/dl><dl class='gallery-item'>\n\t\t\t<dt class='gallery-icon portrait'>\n\t\t\t\t<a href='https:\/\/freundeskreis-serlo.org\/?attachment_id=210'><img loading=\"lazy\" decoding=\"async\" width=\"225\" height=\"300\" src=\"https:\/\/freundeskreis-serlo.org\/wp-content\/uploads\/2016\/02\/P1120621-225x300.jpg\" class=\"attachment-medium size-medium\" alt=\"\" srcset=\"https:\/\/freundeskreis-serlo.org\/wp-content\/uploads\/2016\/02\/P1120621-225x300.jpg 225w, https:\/\/freundeskreis-serlo.org\/wp-content\/uploads\/2016\/02\/P1120621.jpg 768w\" sizes=\"auto, (max-width: 225px) 100vw, 225px\" \/><\/a>\n\t\t\t<\/dt><\/dl><br style=\"clear: both\" \/>\n\t\t<\/div>\n\n","protected":false},"excerpt":{"rendered":"<p>Das Kloster Serlo Gonpa (Nga-gyur Ser-g\u00f6n Lung-rig She-drub Zung-del-Ling), also der &#8222;Platz, wo gemeinsam gelernt und meditiert wird, Lama Serwa&#8217;s Platz&#8220;, wurde 1959 von Sangye Tenzing Lama als &#8222;H\u00f6heres Ausbildungszentrum f\u00fcr Nyingmapa-Studien&#8220; gegr\u00fcndet. Der jetzige Abt,<a class=\"moretag\" href=\"https:\/\/freundeskreis-serlo.org\/?page_id=115\">Read More&#8230;<\/a><\/p>\n","protected":false},"author":1,"featured_media":0,"parent":30,"menu_order":0,"comment_status":"closed","ping_status":"closed","template":"","meta":{"footnotes":""},"class_list":["post-115","page","type-page","status-publish","hentry"],"_links":{"self":[{"href":"https:\/\/freundeskreis-serlo.org\/index.php?rest_route=\/wp\/v2\/pages\/115","targetHints":{"allow":["GET"]}}],"collection":[{"href":"https:\/\/freundeskreis-serlo.org\/index.php?rest_route=\/wp\/v2\/pages"}],"about":[{"href":"https:\/\/freundeskreis-serlo.org\/index.php?rest_route=\/wp\/v2\/types\/page"}],"author":[{"embeddable":true,"href":"https:\/\/freundeskreis-serlo.org\/index.php?rest_route=\/wp\/v2\/users\/1"}],"replies":[{"embeddable":true,"href":"https:\/\/freundeskreis-serlo.org\/index.php?rest_route=%2Fwp%2Fv2%2Fcomments&post=115"}],"version-history":[{"count":13,"href":"https:\/\/freundeskreis-serlo.org\/index.php?rest_route=\/wp\/v2\/pages\/115\/revisions"}],"predecessor-version":[{"id":624,"href":"https:\/\/freundeskreis-serlo.org\/index.php?rest_route=\/wp\/v2\/pages\/115\/revisions\/624"}],"up":[{"embeddable":true,"href":"https:\/\/freundeskreis-serlo.org\/index.php?rest_route=\/wp\/v2\/pages\/30"}],"wp:attachment":[{"href":"https:\/\/freundeskreis-serlo.org\/index.php?rest_route=%2Fwp%2Fv2%2Fmedia&parent=115"}],"curies":[{"name":"wp","href":"https:\/\/api.w.org\/{rel}","templated":true}]}}