{"id":106,"date":"2016-02-12T19:29:02","date_gmt":"2016-02-12T19:29:02","guid":{"rendered":"http:\/\/freundeskreis-serlo.org\/?page_id=106"},"modified":"2020-08-17T10:01:58","modified_gmt":"2020-08-17T10:01:58","slug":"das-erdbeben","status":"publish","type":"page","link":"https:\/\/freundeskreis-serlo.org\/?page_id=106","title":{"rendered":"Das Erdbeben 2015"},"content":{"rendered":"<p>Die beiden schweren Erdbeben im April 2015 haben gro\u00dfe Sch\u00e4den im Kloster und in der Region hinterlassen. Die Geb\u00e4ude des Klosters und der umliegenden D\u00f6rfer sind weitgehend irreparabel zerst\u00f6rt und nicht mehr bewohnbar.<\/p>\n<p><img loading=\"lazy\" decoding=\"async\" class=\"alignnone size-medium wp-image-109 hoverZoomLink\" src=\"https:\/\/freundeskreis-serlo.org\/wp-content\/uploads\/2016\/02\/Kloster_16-225x300.jpg\" alt=\"Kloster_16\" width=\"225\" height=\"300\" srcset=\"https:\/\/freundeskreis-serlo.org\/wp-content\/uploads\/2016\/02\/Kloster_16-225x300.jpg 225w, https:\/\/freundeskreis-serlo.org\/wp-content\/uploads\/2016\/02\/Kloster_16.jpg 564w\" sizes=\"auto, (max-width: 225px) 100vw, 225px\" \/><\/p>\n<p>Das Epizentrum des letzten Bebens war fast in Sichtweite des Klosters. M\u00f6nche und Menschen mussten in provisorischen Notunterk\u00fcnften untergebracht werden.<\/p>\n<p><img loading=\"lazy\" decoding=\"async\" class=\"alignnone size-medium wp-image-107 hoverZoomLink\" src=\"https:\/\/freundeskreis-serlo.org\/wp-content\/uploads\/2016\/02\/Nothilfe_11-300x224.jpg\" alt=\"Nothilfe_11\" width=\"300\" height=\"224\" srcset=\"https:\/\/freundeskreis-serlo.org\/wp-content\/uploads\/2016\/02\/Nothilfe_11-300x224.jpg 300w, https:\/\/freundeskreis-serlo.org\/wp-content\/uploads\/2016\/02\/Nothilfe_11.jpg 546w\" sizes=\"auto, (max-width: 300px) 100vw, 300px\" \/><\/p>\n<p>Der folgende Monsun hatte die Lage und die Transportm\u00f6glichkeiten weiter verschlechtert. Das Ausma\u00df der Zerst\u00f6rung war gro\u00df, im Kloster, im Dorf und im ganzen Tal. Es fehlte an allem. Das gespendete Geld wurde und wird f\u00fcr Trinkwasser, Nahrung, Medikamente, Decken, Zelte und den Wiederaufbau verwendet.<\/p>\n<p><img loading=\"lazy\" decoding=\"async\" class=\"alignnone size-medium wp-image-12 hoverZoomLink\" src=\"https:\/\/freundeskreis-serlo.org\/wp-content\/uploads\/2016\/02\/Hilfe_2-300x224.jpg\" alt=\"Hilfe_2\" width=\"300\" height=\"224\" srcset=\"https:\/\/freundeskreis-serlo.org\/wp-content\/uploads\/2016\/02\/Hilfe_2-300x224.jpg 300w, https:\/\/freundeskreis-serlo.org\/wp-content\/uploads\/2016\/02\/Hilfe_2.jpg 564w\" sizes=\"auto, (max-width: 300px) 100vw, 300px\" \/><\/p>\n<p><a href=\"https:\/\/freundeskreis-serlo.org\/?page_id=80\">Wollen Sie den Wiederaufbau unterst\u00fctzen?<\/a><\/p>\n","protected":false},"excerpt":{"rendered":"<p>Die beiden schweren Erdbeben im April 2015 haben gro\u00dfe Sch\u00e4den im Kloster und in der Region hinterlassen. Die Geb\u00e4ude des Klosters und der umliegenden D\u00f6rfer sind weitgehend irreparabel zerst\u00f6rt und nicht mehr bewohnbar. Das Epizentrum des<a class=\"moretag\" href=\"https:\/\/freundeskreis-serlo.org\/?page_id=106\">Read More&#8230;<\/a><\/p>\n","protected":false},"author":1,"featured_media":39,"parent":67,"menu_order":0,"comment_status":"closed","ping_status":"closed","template":"","meta":{"footnotes":""},"class_list":["post-106","page","type-page","status-publish","has-post-thumbnail","hentry"],"_links":{"self":[{"href":"https:\/\/freundeskreis-serlo.org\/index.php?rest_route=\/wp\/v2\/pages\/106","targetHints":{"allow":["GET"]}}],"collection":[{"href":"https:\/\/freundeskreis-serlo.org\/index.php?rest_route=\/wp\/v2\/pages"}],"about":[{"href":"https:\/\/freundeskreis-serlo.org\/index.php?rest_route=\/wp\/v2\/types\/page"}],"author":[{"embeddable":true,"href":"https:\/\/freundeskreis-serlo.org\/index.php?rest_route=\/wp\/v2\/users\/1"}],"replies":[{"embeddable":true,"href":"https:\/\/freundeskreis-serlo.org\/index.php?rest_route=%2Fwp%2Fv2%2Fcomments&post=106"}],"version-history":[{"count":5,"href":"https:\/\/freundeskreis-serlo.org\/index.php?rest_route=\/wp\/v2\/pages\/106\/revisions"}],"predecessor-version":[{"id":558,"href":"https:\/\/freundeskreis-serlo.org\/index.php?rest_route=\/wp\/v2\/pages\/106\/revisions\/558"}],"up":[{"embeddable":true,"href":"https:\/\/freundeskreis-serlo.org\/index.php?rest_route=\/wp\/v2\/pages\/67"}],"wp:featuredmedia":[{"embeddable":true,"href":"https:\/\/freundeskreis-serlo.org\/index.php?rest_route=\/wp\/v2\/media\/39"}],"wp:attachment":[{"href":"https:\/\/freundeskreis-serlo.org\/index.php?rest_route=%2Fwp%2Fv2%2Fmedia&parent=106"}],"curies":[{"name":"wp","href":"https:\/\/api.w.org\/{rel}","templated":true}]}}